{"id":26651,"date":"2019-10-09T11:37:36","date_gmt":"2019-10-09T11:37:36","guid":{"rendered":"https:\/\/sunnerbofonster.se\/?page_id=26651"},"modified":"2020-02-18T15:41:28","modified_gmt":"2020-02-18T15:41:28","slug":"produkter-2","status":"publish","type":"page","link":"https:\/\/sunnerbofonster.se\/?page_id=26651","title":{"rendered":"PRODUKTER"},"content":{"rendered":"<p><div class=\"fusion-fullwidth fullwidth-box fusion-builder-row-1 nonhundred-percent-fullwidth non-hundred-percent-height-scrolling\"  style='background-color: rgba(255,255,255,0);background-position: center center;background-repeat: no-repeat;padding-top:20Ppx;padding-right:0px;padding-bottom:0px;padding-left:0px;'><div class=\"fusion-builder-row fusion-row \"><div  class=\"fusion-layout-column fusion_builder_column fusion_builder_column_1_1 fusion-builder-column-0 fusion-one-full fusion-column-first fusion-column-last 1_1\"  style='margin-top:0px;margin-bottom:0px;'><div class=\"fusion-column-wrapper\" style=\"padding: 30px 0px 0px 0px;background-position:left top;background-repeat:no-repeat;-webkit-background-size:cover;-moz-background-size:cover;-o-background-size:cover;background-size:cover;\"   data-bg-url=\"\">\t\t\t\t\t<div class=\"fusion-slider-container fusion-slider-sc-solskydd fusion-slider-32 full-width-slider\" data-id=\"32\" style=\"height:530px; max-width:100%;\">\n\t\t\t\t\t\t<style type=\"text\/css\">.fusion-slider-32 .flex-direction-nav a {width:63px;height:63px;line-height:63px;font-size:25px;}<\/style>\t\t\t\t\t\t<div class=\"fusion-slider-loading\">Loading...<\/div>\n\t\t\t\t\t\t<div class=\"tfs-slider flexslider main-flex full-width-slider\" data-slider_width=\"100%\" data-slider_height=\"530px\" data-full_screen=\"0\" data-parallax=\"0\" data-nav_arrows=\"1\" data-nav_box_width=\"63px\" data-nav_box_height=\"63px\" data-nav_arrow_size=\"25px\" data-autoplay=\"1\" data-loop=\"0\" data-orderby=\"date\" data-order=\"DESC\" data-animation=\"fade\" data-slideshow_speed=\"7000\" data-animation_speed=\"600\" data-typo_sensitivity=\"1\" data-typo_factor=\"1.5\" style=\"max-width:100%;\">\n\t\t\t\t\t\t\t<ul class=\"slides\">\n\t\t\t\t\t\t\t\t\t\t\t\t\t\t\t\t\t<li data-mute=\"yes\" data-loop=\"yes\" data-autoplay=\"yes\">\n\t\t\t\t\t\t\t\t\t\t<div class=\"slide-content-container slide-content-center\" style=\"display: none;\">\n\t\t\t\t\t\t\t\t\t\t\t<div class=\"slide-content\" style=\"\">\n\t\t\t\t\t\t\t\t\t\t\t\t\t\t\t\t\t\t\t\t\t\t\t\t\t\t\t\t\t\t\t\t\t\t\t\t\t\t\t\t\t\t\t\t\t\t\t<\/div>\n\t\t\t\t\t\t\t\t\t\t<\/div>\n\t\t\t\t\t\t\t\t\t\t\t\t\t\t\t\t\t\t\n\t\t\t\t\t\t\t\t\t\t\t\t\t\t\t\t\t\t\t\t\t\t\t\t\t\t\t\t\t\t<div class=\"background background-image\" style=\"background-image: url(https:\/\/sunnerbofonster.se\/wp-content\/uploads\/2020\/02\/2.jpg);max-width:100%;height:530px;filter: progid:DXImageTransform.Microsoft.AlphaImageLoader(src='https:\/\/sunnerbofonster.se\/wp-content\/uploads\/2020\/02\/2.jpg', sizingMethod='scale');\" data-imgwidth=\"1920\">\n\t\t\t\t\t\t\t\t\t\t\t\t\t\t\t\t\t\t\t\t\t\t\t\t\t\t\t\t\t\t\t\t\t\t\t\t\t\t\t\t\t\t\t\t\t\t\t\t\t\t\t\t\t\t\t\t\t\t\t\t\t\t\t\t\t\t<\/div>\n\t\t\t\t\t\t\t\t\t<\/li>\n\t\t\t\t\t\t\t\t\t\t\t\t\t\t\t\t\t<li data-mute=\"yes\" data-loop=\"yes\" data-autoplay=\"yes\">\n\t\t\t\t\t\t\t\t\t\t<div class=\"slide-content-container slide-content-center\" style=\"display: none;\">\n\t\t\t\t\t\t\t\t\t\t\t<div class=\"slide-content\" style=\"\">\n\t\t\t\t\t\t\t\t\t\t\t\t\t\t\t\t\t\t\t\t\t\t\t\t\t\t\t\t\t\t\t\t\t\t\t\t\t\t\t\t\t\t\t\t\t\t\t<\/div>\n\t\t\t\t\t\t\t\t\t\t<\/div>\n\t\t\t\t\t\t\t\t\t\t\t\t\t\t\t\t\t\t\n\t\t\t\t\t\t\t\t\t\t\t\t\t\t\t\t\t\t\t\t\t\t\t\t\t\t\t\t\t\t<div class=\"background background-image\" style=\"background-image: url(https:\/\/sunnerbofonster.se\/wp-content\/uploads\/2020\/02\/23.jpg);max-width:100%;height:530px;filter: progid:DXImageTransform.Microsoft.AlphaImageLoader(src='https:\/\/sunnerbofonster.se\/wp-content\/uploads\/2020\/02\/23.jpg', sizingMethod='scale');\" data-imgwidth=\"1920\">\n\t\t\t\t\t\t\t\t\t\t\t\t\t\t\t\t\t\t\t\t\t\t\t\t\t\t\t\t\t\t\t\t\t\t\t\t\t\t\t\t\t\t\t\t\t\t\t\t\t\t\t\t\t\t\t\t\t\t\t\t\t\t\t\t\t\t<\/div>\n\t\t\t\t\t\t\t\t\t<\/li>\n\t\t\t\t\t\t\t\t\t\t\t\t\t\t\t\t\t<li data-mute=\"yes\" data-loop=\"yes\" data-autoplay=\"yes\">\n\t\t\t\t\t\t\t\t\t\t<div class=\"slide-content-container slide-content-center\" style=\"display: none;\">\n\t\t\t\t\t\t\t\t\t\t\t<div class=\"slide-content\" style=\"\">\n\t\t\t\t\t\t\t\t\t\t\t\t\t\t\t\t\t\t\t\t\t\t\t\t\t\t\t\t\t\t\t\t\t\t\t\t\t\t\t\t\t\t\t\t\t\t\t\t\t<div class=\"buttons\" >\n\t\t\t\t\t\t\t\t\t\t\t\t\t\t\t\t\t\t\t\t\t\t\t\t\t\t\t\t\t\t\t\t\t\t\t\t\t\t\t\t\t<\/div>\n\t\t\t\t\t\t\t\t\t\t\t\t\t\t\t\t\t\t\t\t\t\t\t<\/div>\n\t\t\t\t\t\t\t\t\t\t<\/div>\n\t\t\t\t\t\t\t\t\t\t\t\t\t\t\t\t\t\t\n\t\t\t\t\t\t\t\t\t\t\t\t\t\t\t\t\t\t\t\t\t\t\t\t\t\t\t\t\t\t<div class=\"background background-image\" style=\"background-image: url(https:\/\/sunnerbofonster.se\/wp-content\/uploads\/2019\/09\/Sun_Solskydd_19.jpg);max-width:100%;height:530px;filter: progid:DXImageTransform.Microsoft.AlphaImageLoader(src='https:\/\/sunnerbofonster.se\/wp-content\/uploads\/2019\/09\/Sun_Solskydd_19.jpg', sizingMethod='scale');\" data-imgwidth=\"1920\">\n\t\t\t\t\t\t\t\t\t\t\t\t\t\t\t\t\t\t\t\t\t\t\t\t\t\t\t\t\t\t\t\t\t\t\t\t\t\t\t\t\t\t\t\t\t\t\t\t\t\t\t\t\t\t\t\t\t\t\t\t\t\t\t\t\t\t<\/div>\n\t\t\t\t\t\t\t\t\t<\/li>\n\t\t\t\t\t\t\t\t\t\t\t\t\t\t\t\t\t\t\t\t\t\t\t<\/ul>\n\t\t\t\t\t\t<\/div>\n\t\t\t\t\t<\/div>\n\t\t\t\t\t\t\t\t<div class=\"fusion-clearfix\"><\/div><\/div><\/div><\/div><\/div><div class=\"fusion-fullwidth fullwidth-box fusion-builder-row-2 nonhundred-percent-fullwidth non-hundred-percent-height-scrolling\"  style='background-color: #f0f0f0;background-position: center center;background-repeat: no-repeat;padding-top:40px;padding-right:0px;padding-bottom:40px;padding-left:0px;'><div class=\"fusion-builder-row fusion-row \"><div  class=\"fusion-layout-column fusion_builder_column fusion_builder_column_1_1 fusion-builder-column-1 fusion-one-full fusion-column-first fusion-column-last 1_1\"  style='margin-top:0px;margin-bottom:0px;width:100%'><div class=\"fusion-column-wrapper\" style=\"padding: 0px 18% 0px 18%;background-position:left top;background-repeat:no-repeat;-webkit-background-size:cover;-moz-background-size:cover;-o-background-size:cover;background-size:cover;\"   data-bg-url=\"\"><div class=\"fusion-text\"><h1 style=\"text-align: left;\">Produkter<\/h1>\n<\/div><div class=\"fusion-clearfix\"><\/div><\/div><\/div><\/div><\/div><div class=\"fusion-fullwidth fullwidth-box fusion-builder-row-3 nonhundred-percent-fullwidth non-hundred-percent-height-scrolling\"  style='background-color: rgba(255,255,255,0);background-position: center center;background-repeat: no-repeat;padding-top:20px;padding-right:18%;padding-bottom:20px;padding-left:18%;margin-bottom: 20px;margin-top: 20px;'><div class=\"fusion-builder-row fusion-row \"><div  class=\"fusion-layout-column fusion_builder_column fusion_builder_column_1_3 fusion-builder-column-2 fusion-one-third fusion-column-first 1_3\"  style='margin-top:0px;margin-bottom:0px;width:30.6666%; margin-right: 4%;'><div class=\"fusion-column-wrapper\" style=\"padding: 0px 0px 0px 0px;background-position:left top;background-repeat:no-repeat;-webkit-background-size:cover;-moz-background-size:cover;-o-background-size:cover;background-size:cover;\"   data-bg-url=\"\"><div class=\"fusion-sep-clear\"><\/div><div class=\"fusion-separator fusion-full-width-sep sep-none\" style=\"margin-left: auto;margin-right: auto;margin-top:5px;\"><\/div><style type=\"text\/css\">#accordion-26621-1 .fusion-panel:hover, #accordion-26621-1 .fusion-panel.hover{ background-color: #f9f9f9 } #accordion-26621-1 .fusion-panel { border-color:#cccccc; border-width:1px; background-color:#ffffff; }.fusion-accordian  #accordion-26621-1 .panel-title a .fa-fusion-box{ color: #ffffff;}.fusion-accordian  #accordion-26621-1 .panel-title a .fa-fusion-box:before{ font-size: 13px; width: 13px;}.fusion-accordian  #accordion-26621-1 .panel-title a{font-size:22px;}.fusion-accordian  #accordion-26621-1 .fa-fusion-box { background-color: #cccccc;border-color: #cccccc;}.fusion-accordian  #accordion-26621-1 .panel-title a:hover, #accordion-26621-1 .fusion-toggle-boxed-mode:hover .panel-title a { color: #bf3527;}.fusion-accordian  #accordion-26621-1 .panel-title .active .fa-fusion-box,.fusion-accordian  #accordion-26621-1 .panel-title a:hover .fa-fusion-box { background-color: #bf3527!important;border-color: #bf3527!important;}<\/style><div class=\"accordian fusion-accordian\"><div class=\"panel-group\" id=\"accordion-26621-1\" role=\"tablist\"><div class=\"fusion-panel panel-default fusion-toggle-no-divider fusion-toggle-boxed-mode\" role=\"tabpanel\"><div class=\"panel-heading\"><h4 class=\"panel-title toggle\"><a aria-expanded=\"false\" aria-selected=\"false\" aria-controls=\"1955a586e5c3fdfef\" role=\"tab\" data-toggle=\"collapse\" data-parent=\"#accordion-26621-1\" data-target=\"#1955a586e5c3fdfef\" href=\"#1955a586e5c3fdfef\"><span class=\"fusion-toggle-icon-wrapper\" aria-hidden=\"true\"><i class=\"fa-fusion-box\"><\/i><\/span><span class=\"fusion-toggle-heading\">F\u00d6NSTER<\/span><\/a><\/h4><\/div><div id=\"1955a586e5c3fdfef\" class=\"panel-collapse collapse \"><div class=\"panel-body toggle-content fusion-clearfix\">\n<p><a href=\"https:\/\/sunnerbofonster.se\/?page_id=264\">F\u00d6NSTER<\/a><\/p>\n<\/div><\/div><\/div><div class=\"fusion-panel panel-default fusion-toggle-no-divider fusion-toggle-boxed-mode\" role=\"tabpanel\"><div class=\"panel-heading\"><h4 class=\"panel-title toggle\"><a aria-expanded=\"false\" aria-selected=\"false\" aria-controls=\"4c265ddfa5b383ee1\" role=\"tab\" data-toggle=\"collapse\" data-parent=\"#accordion-26621-1\" data-target=\"#4c265ddfa5b383ee1\" href=\"#4c265ddfa5b383ee1\"><span class=\"fusion-toggle-icon-wrapper\" aria-hidden=\"true\"><i class=\"fa-fusion-box\"><\/i><\/span><span class=\"fusion-toggle-heading\">D\u00d6RRAR<\/span><\/a><\/h4><\/div><div id=\"4c265ddfa5b383ee1\" class=\"panel-collapse collapse \"><div class=\"panel-body toggle-content fusion-clearfix\">\n<p><a href=\"https:\/\/sunnerbofonster.se\/?page_id=465\">D\u00d6RRAR<\/a><\/p>\n<\/div><\/div><\/div><div class=\"fusion-panel panel-default fusion-toggle-no-divider fusion-toggle-boxed-mode\" role=\"tabpanel\"><div class=\"panel-heading\"><h4 class=\"panel-title toggle\"><a aria-expanded=\"false\" aria-selected=\"false\" aria-controls=\"9ead200a39289849b\" role=\"tab\" data-toggle=\"collapse\" data-parent=\"#accordion-26621-1\" data-target=\"#9ead200a39289849b\" href=\"#9ead200a39289849b\"><span class=\"fusion-toggle-icon-wrapper\" aria-hidden=\"true\"><i class=\"fa-fusion-box\"><\/i><\/span><span class=\"fusion-toggle-heading\">SOLSKYDD<\/span><\/a><\/h4><\/div><div id=\"9ead200a39289849b\" class=\"panel-collapse collapse \"><div class=\"panel-body toggle-content fusion-clearfix\">\n<p><a href=\"https:\/\/sunnerbofonster.se\/?page_id=534\">SOLSKYDD<\/a><\/p>\n<\/div><\/div><\/div><div class=\"fusion-panel panel-default fusion-toggle-no-divider fusion-toggle-boxed-mode\" role=\"tabpanel\"><div class=\"panel-heading\"><h4 class=\"panel-title toggle\"><a aria-expanded=\"false\" aria-selected=\"false\" aria-controls=\"3ecda4ea409adefa8\" role=\"tab\" data-toggle=\"collapse\" data-parent=\"#accordion-26621-1\" data-target=\"#3ecda4ea409adefa8\" href=\"#3ecda4ea409adefa8\"><span class=\"fusion-toggle-icon-wrapper\" aria-hidden=\"true\"><i class=\"fa-fusion-box\"><\/i><\/span><span class=\"fusion-toggle-heading\">INSEKTSN\u00c4T<\/span><\/a><\/h4><\/div><div id=\"3ecda4ea409adefa8\" class=\"panel-collapse collapse \"><div class=\"panel-body toggle-content fusion-clearfix\">\n<p><a href=\"https:\/\/sunnerbofonster.se\/?page_id=638\">INSEKTSN\u00c4T-F\u00d6NSTER<\/a><\/p>\n<hr \/>\n<p><a href=\"https:\/\/sunnerbofonster.se\/?page_id=695\">INSEKTSN\u00c4T-D\u00d6RRAR<\/a><\/p>\n<hr \/>\n<\/div><\/div><\/div><div class=\"fusion-panel panel-default fusion-toggle-no-divider fusion-toggle-boxed-mode\" role=\"tabpanel\"><div class=\"panel-heading\"><h4 class=\"panel-title toggle\"><a aria-expanded=\"false\" aria-selected=\"false\" aria-controls=\"05a69c6b43df2998d\" role=\"tab\" data-toggle=\"collapse\" data-parent=\"#accordion-26621-1\" data-target=\"#05a69c6b43df2998d\" href=\"#05a69c6b43df2998d\"><span class=\"fusion-toggle-icon-wrapper\" aria-hidden=\"true\"><i class=\"fa-fusion-box\"><\/i><\/span><span class=\"fusion-toggle-heading\">INSPIRATION<\/span><\/a><\/h4><\/div><div id=\"05a69c6b43df2998d\" class=\"panel-collapse collapse \"><div class=\"panel-body toggle-content fusion-clearfix\">\n<p><a href=\"https:\/\/sunnerbofonster.se\/?page_id=795\">INSPIRATIONSBILDER<\/a><\/p>\n<\/div><\/div><\/div><\/div><\/div><div class=\"fusion-sep-clear\"><\/div><div class=\"fusion-separator fusion-full-width-sep sep-none\" style=\"margin-left: auto;margin-right: auto;margin-top:12px;\"><\/div><div class=\"fusion-text\"><p style=\"text-align: center;\">Ladda ner<br \/>\n<span style=\"color: #339966;\">\u2228<\/span><\/p>\n<\/div><style type=\"text\/css\">#accordion-26621-2 .fusion-panel:hover, #accordion-26621-2 .fusion-panel.hover{ background-color: #f9f9f9 } #accordion-26621-2 .fusion-panel { border-color:#cccccc; border-width:1px; background-color:#ffffff; }.fusion-accordian  #accordion-26621-2 .panel-title a .fa-fusion-box{ color: #ffffff;}.fusion-accordian  #accordion-26621-2 .panel-title a .fa-fusion-box:before{ font-size: 13px; width: 13px;}.fusion-accordian  #accordion-26621-2 .panel-title a{font-size:22px;}.fusion-accordian  #accordion-26621-2 .fa-fusion-box { background-color: #cccccc;border-color: #cccccc;}.fusion-accordian  #accordion-26621-2 .panel-title a:hover, #accordion-26621-2 .fusion-toggle-boxed-mode:hover .panel-title a { color: #bf3527;}.fusion-accordian  #accordion-26621-2 .panel-title .active .fa-fusion-box,.fusion-accordian  #accordion-26621-2 .panel-title a:hover .fa-fusion-box { background-color: #bf3527!important;border-color: #bf3527!important;}<\/style><div class=\"accordian fusion-accordian\"><div class=\"panel-group\" id=\"accordion-26621-2\" role=\"tablist\"><div class=\"fusion-panel panel-default fusion-toggle-no-divider fusion-toggle-boxed-mode\" role=\"tabpanel\"><div class=\"panel-heading\"><h4 class=\"panel-title toggle\"><a aria-expanded=\"false\" aria-selected=\"false\" aria-controls=\"b6be3e9a8f59b62b5\" role=\"tab\" data-toggle=\"collapse\" data-parent=\"#accordion-26621-2\" data-target=\"#b6be3e9a8f59b62b5\" href=\"#b6be3e9a8f59b62b5\"><span class=\"fusion-toggle-icon-wrapper\" aria-hidden=\"true\"><i class=\"fa-fusion-box\"><\/i><\/span><span class=\"fusion-toggle-heading\">Prislista<\/span><\/a><\/h4><\/div><div id=\"b6be3e9a8f59b62b5\" class=\"panel-collapse collapse \"><div class=\"panel-body toggle-content fusion-clearfix\">\n<p><a href=\"https:\/\/sunnerbofonster.se\/laddaner\/Prislista_Sunnerbo.pdf\">Prislista<\/a><\/p>\n<\/div><\/div><\/div><div class=\"fusion-panel panel-default fusion-toggle-no-divider fusion-toggle-boxed-mode\" role=\"tabpanel\"><div class=\"panel-heading\"><h4 class=\"panel-title toggle\"><a aria-expanded=\"false\" aria-selected=\"false\" aria-controls=\"7ae210ceb25688e53\" role=\"tab\" data-toggle=\"collapse\" data-parent=\"#accordion-26621-2\" data-target=\"#7ae210ceb25688e53\" href=\"#7ae210ceb25688e53\"><span class=\"fusion-toggle-icon-wrapper\" aria-hidden=\"true\"><i class=\"fa-fusion-box\"><\/i><\/span><span class=\"fusion-toggle-heading\">Barns\u00e4kerhetsfolder<\/span><\/a><\/h4><\/div><div id=\"7ae210ceb25688e53\" class=\"panel-collapse collapse \"><div class=\"panel-body toggle-content fusion-clearfix\">\n<p><a href=\"https:\/\/sunnerbofonster.se\/laddaner\/barnskert.pdf\">Barns\u00e4kerhetsfolder<\/a><\/p>\n<\/div><\/div><\/div><\/div><\/div><div class=\"fusion-clearfix\"><\/div><\/div><\/div><div  class=\"fusion-layout-column fusion_builder_column fusion_builder_column_2_3 fusion-builder-column-3 fusion-two-third fusion-column-last 2_3\"  style='margin-top:0px;margin-bottom:0px;width:65.3333%'><div class=\"fusion-column-wrapper\" style=\"padding: 0px 0px 0px 16px;background-position:left top;background-repeat:no-repeat;-webkit-background-size:cover;-moz-background-size:cover;-o-background-size:cover;background-size:cover;\"   data-bg-url=\"\"><div class=\"fusion-text\"><section id=\"side-content\" class=\"eleven columns offset-by-one rgt-cntt\">\n<section class=\"eleven columns\">\n<article class=\"eleven columns\">\n<h3>V\u00e5ra produkter<\/h3>\n<h4>F\u00f6nster<\/h4>\n<p>V\u00e5ra f\u00f6nster tillverkas med varsam hand av yrkesskicklig och erfaren personal i moderna produktionslokaler p\u00e5 \u00f6ver 20 000 kvadratmeter.<\/p>\n<h4>D\u00f6rrar<\/h4>\n<div class=\"fusion-layout-column fusion_builder_column fusion_builder_column_2_3 fusion-two-third fusion-column-first 2_3\">\n<div class=\"fusion-column-wrapper fusion-column-wrapper-1\" data-bg-url=\"\">\n<div class=\"fusion-text\">\n<p>Vackra, s\u00e4kra och funktionella d\u00f6rrar g\u00f6r ditt hem tryggare och trevligare. Med v\u00e5ra d\u00f6rrar f\u00e5r du personlighet och charm till din bostad.<\/p>\n<h4>Solskydd<\/h4>\n<p>Lamellgardiner &amp; Persinner. Alla v\u00e5ra solskydd levereras m\u00e5ttanpassade.<\/p>\n<h4>Insektsn\u00e4t<\/h4>\n<p>Rullgardinsf\u00f6nster &amp; rullgardinsd\u00f6rr<\/p>\n<\/div>\n<\/div>\n<\/div>\n<\/article>\n<\/section>\n<\/section>\n<div><\/div>\n<div><\/div>\n<\/div><div class=\"fusion-clearfix\"><\/div><\/div><\/div><\/div><\/div><div class=\"fusion-fullwidth fullwidth-box fusion-builder-row-4 nonhundred-percent-fullwidth non-hundred-percent-height-scrolling\"  style='background-color: rgba(255,255,255,0);background-position: center center;background-repeat: no-repeat;padding-top:0px;padding-right:18%;padding-bottom:20px;padding-left:18%;'><div class=\"fusion-builder-row fusion-row \"><div  class=\"fusion-layout-column fusion_builder_column fusion_builder_column_1_4 fusion-builder-column-4 fusion-one-fourth fusion-column-first 1_4\"  style='margin-top:0px;margin-bottom:0px;width:22%; margin-right: 4%;'><div class=\"fusion-column-wrapper\" style=\"padding: 0px 0px 0px 0px;background-position:left top;background-repeat:no-repeat;-webkit-background-size:cover;-moz-background-size:cover;-o-background-size:cover;background-size:cover;\"   data-bg-url=\"\"><span class=\"fusion-imageframe imageframe-none imageframe-1 hover-type-none\"><img loading=\"lazy\" decoding=\"async\" src=\"https:\/\/sunnerbofonster.se\/wp-content\/uploads\/2017\/06\/Sun_bild_1_liten-e1496395621412.jpg\" width=\"247\" height=\"270\" alt=\"\" title=\"Sun_bild_1_liten\" class=\"img-responsive wp-image-555\"\/><\/span><div class=\"fusion-clearfix\"><\/div><\/div><\/div><div  class=\"fusion-layout-column fusion_builder_column fusion_builder_column_1_4 fusion-builder-column-5 fusion-one-fourth 1_4\"  style='margin-top:0px;margin-bottom:0px;width:22%; margin-right: 4%;'><div class=\"fusion-column-wrapper\" style=\"padding: 0px 0px 0px 0px;background-position:left top;background-repeat:no-repeat;-webkit-background-size:cover;-moz-background-size:cover;-o-background-size:cover;background-size:cover;\"   data-bg-url=\"\"><span class=\"fusion-imageframe imageframe-none imageframe-2 hover-type-none\"><img loading=\"lazy\" decoding=\"async\" src=\"https:\/\/sunnerbofonster.se\/wp-content\/uploads\/2017\/06\/Sun_bild_3_liten-e1496395653587.jpg\" width=\"247\" height=\"270\" alt=\"\" title=\"Sun_bild_3_liten\" class=\"img-responsive wp-image-556\"\/><\/span><div class=\"fusion-clearfix\"><\/div><\/div><\/div><div  class=\"fusion-layout-column fusion_builder_column fusion_builder_column_1_4 fusion-builder-column-6 fusion-one-fourth 1_4\"  style='margin-top:0px;margin-bottom:0px;width:22%; margin-right: 4%;'><div class=\"fusion-column-wrapper\" style=\"padding: 0px 0px 0px 0px;background-position:left top;background-repeat:no-repeat;-webkit-background-size:cover;-moz-background-size:cover;-o-background-size:cover;background-size:cover;\"   data-bg-url=\"\"><span class=\"fusion-imageframe imageframe-none imageframe-3 hover-type-none\"><img loading=\"lazy\" decoding=\"async\" src=\"https:\/\/sunnerbofonster.se\/wp-content\/uploads\/2017\/06\/Sun_bild_2_liten-e1496395687578.jpg\" width=\"247\" height=\"270\" alt=\"\" title=\"Sun_bild_2_liten\" class=\"img-responsive wp-image-557\"\/><\/span><div class=\"fusion-clearfix\"><\/div><\/div><\/div><div  class=\"fusion-layout-column fusion_builder_column fusion_builder_column_1_4 fusion-builder-column-7 fusion-one-fourth fusion-column-last 1_4\"  style='margin-top:0px;margin-bottom:0px;width:22%'><div class=\"fusion-column-wrapper\" style=\"padding: 0px 0px 0px 0px;background-position:left top;background-repeat:no-repeat;-webkit-background-size:cover;-moz-background-size:cover;-o-background-size:cover;background-size:cover;\"   data-bg-url=\"\"><span class=\"fusion-imageframe imageframe-none imageframe-4 hover-type-none\"><img loading=\"lazy\" decoding=\"async\" src=\"https:\/\/sunnerbofonster.se\/wp-content\/uploads\/2017\/06\/Sun_bild_4_liten-e1496395709928.jpg\" width=\"247\" height=\"270\" alt=\"\" title=\"Sun_bild_4_liten\" class=\"img-responsive wp-image-558\"\/><\/span><div class=\"fusion-clearfix\"><\/div><\/div><\/div><\/div><\/div><div class=\"fusion-fullwidth fullwidth-box fusion-builder-row-5 nonhundred-percent-fullwidth non-hundred-percent-height-scrolling\"  style='background-color: rgba(255,255,255,0);background-position: center center;background-repeat: no-repeat;padding-top:30px;padding-right:18%;padding-bottom:20px;padding-left:18%;margin-bottom: 20px;margin-top: 20px;'><div class=\"fusion-builder-row fusion-row \"><div  class=\"fusion-layout-column fusion_builder_column fusion_builder_column_1_1 fusion-builder-column-8 fusion-one-full fusion-column-first fusion-column-last 1_1\"  style='margin-top:0px;margin-bottom:0px;width:100%'><div class=\"fusion-column-wrapper\" style=\"padding: 0px 0px 0px 0px;background-position:left top;background-repeat:no-repeat;-webkit-background-size:cover;-moz-background-size:cover;-o-background-size:cover;background-size:cover;\"   data-bg-url=\"\"><div class=\"imageframe-align-center\"><span class=\"fusion-imageframe imageframe-none imageframe-5 hover-type-none\"><img loading=\"lazy\" decoding=\"async\" src=\"https:\/\/sunnerbofonster.se\/wp-content\/uploads\/2016\/11\/start1.png\" width=\"560\" height=\"186\" alt=\"\" title=\"start1\" class=\"img-responsive wp-image-135\" srcset=\"https:\/\/sunnerbofonster.se\/wp-content\/uploads\/2016\/11\/start1-200x66.png 200w, https:\/\/sunnerbofonster.se\/wp-content\/uploads\/2016\/11\/start1-400x133.png 400w, https:\/\/sunnerbofonster.se\/wp-content\/uploads\/2016\/11\/start1.png 560w\" sizes=\"(max-width: 800px) 100vw, 560px\" \/><\/span><\/div><div class=\"fusion-clearfix\"><\/div><\/div><\/div><\/div><\/div><\/p>\n","protected":false},"excerpt":{"rendered":"","protected":false},"author":3,"featured_media":0,"parent":0,"menu_order":0,"comment_status":"closed","ping_status":"closed","template":"","meta":{"footnotes":""},"_links":{"self":[{"href":"https:\/\/sunnerbofonster.se\/index.php?rest_route=\/wp\/v2\/pages\/26651"}],"collection":[{"href":"https:\/\/sunnerbofonster.se\/index.php?rest_route=\/wp\/v2\/pages"}],"about":[{"href":"https:\/\/sunnerbofonster.se\/index.php?rest_route=\/wp\/v2\/types\/page"}],"author":[{"embeddable":true,"href":"https:\/\/sunnerbofonster.se\/index.php?rest_route=\/wp\/v2\/users\/3"}],"replies":[{"embeddable":true,"href":"https:\/\/sunnerbofonster.se\/index.php?rest_route=%2Fwp%2Fv2%2Fcomments&post=26651"}],"version-history":[{"count":7,"href":"https:\/\/sunnerbofonster.se\/index.php?rest_route=\/wp\/v2\/pages\/26651\/revisions"}],"predecessor-version":[{"id":26916,"href":"https:\/\/sunnerbofonster.se\/index.php?rest_route=\/wp\/v2\/pages\/26651\/revisions\/26916"}],"wp:attachment":[{"href":"https:\/\/sunnerbofonster.se\/index.php?rest_route=%2Fwp%2Fv2%2Fmedia&parent=26651"}],"curies":[{"name":"wp","href":"https:\/\/api.w.org\/{rel}","templated":true}]}}