{"id":347,"date":"2017-04-05T12:03:22","date_gmt":"2017-04-05T12:03:22","guid":{"rendered":"http:\/\/sun.doffdata.se\/?page_id=347"},"modified":"2024-03-25T09:42:39","modified_gmt":"2024-03-25T09:42:39","slug":"fonsterdorrar","status":"publish","type":"page","link":"https:\/\/sunnerbofonster.se\/?page_id=347","title":{"rendered":"F\u00d6NSTERD\u00d6RRAR"},"content":{"rendered":"<p><div class=\"fusion-fullwidth fullwidth-box fusion-builder-row-1 nonhundred-percent-fullwidth non-hundred-percent-height-scrolling\"  style='background-color: rgba(255,255,255,0);background-position: center center;background-repeat: no-repeat;padding-right:0px;padding-left:0px;margin-bottom: 20px;margin-top: 20px;'><div class=\"fusion-builder-row fusion-row \"><div  class=\"fusion-layout-column fusion_builder_column fusion_builder_column_1_1 fusion-builder-column-0 fusion-one-full fusion-column-first fusion-column-last 1_1\"  style='margin-top:0px;margin-bottom:0px;'><div class=\"fusion-column-wrapper\" style=\"background-color:#f0f0f0;padding: 30px 18% 30px 18%;background-position:left top;background-repeat:no-repeat;-webkit-background-size:cover;-moz-background-size:cover;-o-background-size:cover;background-size:cover;\"   data-bg-url=\"\"><div class=\"fusion-text\"><h1>Produkter<small>\u00a0<a href=\"http:\/\/sun.doffdata.se\/?page_id=264\"><span style=\"color: #ddc565;\">F\u00f6nster<\/span><\/a>\u00a0&#8211; F\u00f6nsterd\u00f6rrar<\/small><\/h1>\n<\/div><div class=\"fusion-clearfix\"><\/div><\/div><\/div><\/div><\/div><div class=\"fusion-fullwidth fullwidth-box fusion-builder-row-2 nonhundred-percent-fullwidth non-hundred-percent-height-scrolling\"  style='background-color: rgba(255,255,255,0);background-position: center center;background-repeat: no-repeat;padding-top:20px;padding-right:18%;padding-bottom:20px;padding-left:18%;margin-bottom: 20px;margin-top: 20px;'><div class=\"fusion-builder-row fusion-row \"><div  class=\"fusion-layout-column fusion_builder_column fusion_builder_column_1_3 fusion-builder-column-1 fusion-one-third fusion-column-first 1_3\"  style='margin-top:0px;margin-bottom:0px;width:33.33%;width:calc(33.33% - ( ( 4% ) * 0.3333 ) );margin-right: 4%;'><div class=\"fusion-column-wrapper\" style=\"padding: 0px 0px 0px 0px;background-position:left top;background-repeat:no-repeat;-webkit-background-size:cover;-moz-background-size:cover;-o-background-size:cover;background-size:cover;\"   data-bg-url=\"\"><div class=\"fusion-sep-clear\"><\/div><div class=\"fusion-separator fusion-full-width-sep sep-none\" style=\"margin-left: auto;margin-right: auto;margin-top:5px;\"><\/div><style type=\"text\/css\">#accordion-347-1 .fusion-panel:hover, #accordion-347-1 .fusion-panel.hover{ background-color: #f9f9f9 } #accordion-347-1 .fusion-panel { border-color:#cccccc; border-width:1px; background-color:#ffffff; }.fusion-accordian  #accordion-347-1 .panel-title a .fa-fusion-box{ color: #ffffff;}.fusion-accordian  #accordion-347-1 .panel-title a .fa-fusion-box:before{ font-size: 13px; width: 13px;}.fusion-accordian  #accordion-347-1 .panel-title a{font-size:22px;}.fusion-accordian  #accordion-347-1 .fa-fusion-box { background-color: #cccccc;border-color: #cccccc;}.fusion-accordian  #accordion-347-1 .panel-title a:hover, #accordion-347-1 .fusion-toggle-boxed-mode:hover .panel-title a { color: #bf3527;}.fusion-accordian  #accordion-347-1 .panel-title .active .fa-fusion-box,.fusion-accordian  #accordion-347-1 .panel-title a:hover .fa-fusion-box { background-color: #bf3527!important;border-color: #bf3527!important;}<\/style><div class=\"accordian fusion-accordian\"><div class=\"panel-group\" id=\"accordion-347-1\" role=\"tablist\"><div class=\"fusion-panel panel-default fusion-toggle-no-divider fusion-toggle-boxed-mode\" role=\"tabpanel\"><div class=\"panel-heading\"><h4 class=\"panel-title toggle\"><a aria-expanded=\"false\" aria-selected=\"false\" aria-controls=\"19f7c5cd4ae92376d\" role=\"tab\" data-toggle=\"collapse\" data-parent=\"#accordion-347-1\" data-target=\"#19f7c5cd4ae92376d\" href=\"#19f7c5cd4ae92376d\"><span class=\"fusion-toggle-icon-wrapper\" aria-hidden=\"true\"><i class=\"fa-fusion-box\"><\/i><\/span><span class=\"fusion-toggle-heading\">3-GLASF\u00d6NSTER<\/span><\/a><\/h4><\/div><div id=\"19f7c5cd4ae92376d\" class=\"panel-collapse collapse \"><div class=\"panel-body toggle-content fusion-clearfix\">\n<p><a href=\"https:\/\/sunnerbofonster.se\/?page_id=101\">Vridf\u00f6nster<\/a><\/p>\n<hr \/>\n<p><a href=\"https:\/\/sunnerbofonster.se\/?page_id=334\">Fasta F\u00f6nster<\/a><\/p>\n<hr \/>\n<p><a href=\"https:\/\/sunnerbofonster.se\/?page_id=378\">Tillbeh\u00f6r<\/a><\/p>\n<\/div><\/div><\/div><div class=\"fusion-panel panel-default fusion-toggle-no-divider fusion-toggle-boxed-mode\" role=\"tabpanel\"><div class=\"panel-heading\"><h4 class=\"panel-title toggle\"><a aria-expanded=\"false\" aria-selected=\"false\" aria-controls=\"f2aa35c40bac439dc\" role=\"tab\" data-toggle=\"collapse\" data-parent=\"#accordion-347-1\" data-target=\"#f2aa35c40bac439dc\" href=\"#f2aa35c40bac439dc\"><span class=\"fusion-toggle-icon-wrapper\" aria-hidden=\"true\"><i class=\"fa-fusion-box\"><\/i><\/span><span class=\"fusion-toggle-heading\">2-GLASF\u00d6NSTER<\/span><\/a><\/h4><\/div><div id=\"f2aa35c40bac439dc\" class=\"panel-collapse collapse \"><div class=\"panel-body toggle-content fusion-clearfix\">\n<p><a href=\"https:\/\/sunnerbofonster.se\/?page_id=406\">2-Glasf\u00f6nster<\/a><\/p>\n<\/div><\/div><\/div><div class=\"fusion-panel panel-default fusion-toggle-no-divider fusion-toggle-boxed-mode\" role=\"tabpanel\"><div class=\"panel-heading\"><h4 class=\"panel-title toggle\"><a aria-expanded=\"false\" aria-selected=\"false\" aria-controls=\"a4a7af3422c492c87\" role=\"tab\" data-toggle=\"collapse\" data-parent=\"#accordion-347-1\" data-target=\"#a4a7af3422c492c87\" href=\"#a4a7af3422c492c87\"><span class=\"fusion-toggle-icon-wrapper\" aria-hidden=\"true\"><i class=\"fa-fusion-box\"><\/i><\/span><span class=\"fusion-toggle-heading\">LYFTGLIDPARTIER<\/span><\/a><\/h4><\/div><div id=\"a4a7af3422c492c87\" class=\"panel-collapse collapse \"><div class=\"panel-body toggle-content fusion-clearfix\">\n<p><a href=\"https:\/\/sunnerbofonster.se\/?page_id=423\">Lyftglidpartier<\/a><\/p>\n<\/div><\/div><\/div><div class=\"fusion-panel panel-default fusion-toggle-no-divider fusion-toggle-boxed-mode\" role=\"tabpanel\"><div class=\"panel-heading\"><h4 class=\"panel-title toggle\"><a aria-expanded=\"false\" aria-selected=\"false\" aria-controls=\"ee367bf42d80b95dd\" role=\"tab\" data-toggle=\"collapse\" data-parent=\"#accordion-347-1\" data-target=\"#ee367bf42d80b95dd\" href=\"#ee367bf42d80b95dd\"><span class=\"fusion-toggle-icon-wrapper\" aria-hidden=\"true\"><i class=\"fa-fusion-box\"><\/i><\/span><span class=\"fusion-toggle-heading\">SNEDA OCH RUNDA F\u00d6NSTER<\/span><\/a><\/h4><\/div><div id=\"ee367bf42d80b95dd\" class=\"panel-collapse collapse \"><div class=\"panel-body toggle-content fusion-clearfix\">\n<p><a href=\"https:\/\/sunnerbofonster.se\/?page_id=444\">Sneda och runda f\u00f6nster<\/a><\/p>\n<\/div><\/div><\/div><\/div><\/div><div class=\"fusion-sep-clear\"><\/div><div class=\"fusion-separator fusion-full-width-sep sep-none\" style=\"margin-left: auto;margin-right: auto;margin-top:12px;\"><\/div><div class=\"fusion-text\"><p style=\"text-align: center;\">Ladda ner<br \/>\n<span style=\"color: #339966;\">\u2228<\/span><\/p>\n<\/div><style type=\"text\/css\">#accordion-347-2 .fusion-panel:hover, #accordion-347-2 .fusion-panel.hover{ background-color: #f9f9f9 } #accordion-347-2 .fusion-panel { border-color:#cccccc; border-width:1px; background-color:#ffffff; }.fusion-accordian  #accordion-347-2 .panel-title a .fa-fusion-box{ color: #ffffff;}.fusion-accordian  #accordion-347-2 .panel-title a .fa-fusion-box:before{ font-size: 13px; width: 13px;}.fusion-accordian  #accordion-347-2 .panel-title a{font-size:22px;}.fusion-accordian  #accordion-347-2 .fa-fusion-box { background-color: #cccccc;border-color: #cccccc;}.fusion-accordian  #accordion-347-2 .panel-title a:hover, #accordion-347-2 .fusion-toggle-boxed-mode:hover .panel-title a { color: #bf3527;}.fusion-accordian  #accordion-347-2 .panel-title .active .fa-fusion-box,.fusion-accordian  #accordion-347-2 .panel-title a:hover .fa-fusion-box { background-color: #bf3527!important;border-color: #bf3527!important;}<\/style><div class=\"accordian fusion-accordian\"><div class=\"panel-group\" id=\"accordion-347-2\" role=\"tablist\"><div class=\"fusion-panel panel-default fusion-toggle-no-divider fusion-toggle-boxed-mode\" role=\"tabpanel\"><div class=\"panel-heading\"><h4 class=\"panel-title toggle\"><a aria-expanded=\"false\" aria-selected=\"false\" aria-controls=\"ccce956cd4e407c09\" role=\"tab\" data-toggle=\"collapse\" data-parent=\"#accordion-347-2\" data-target=\"#ccce956cd4e407c09\" href=\"#ccce956cd4e407c09\"><span class=\"fusion-toggle-icon-wrapper\" aria-hidden=\"true\"><i class=\"fa-fusion-box\"><\/i><\/span><span class=\"fusion-toggle-heading\">Prislista<\/span><\/a><\/h4><\/div><div id=\"ccce956cd4e407c09\" class=\"panel-collapse collapse \"><div class=\"panel-body toggle-content fusion-clearfix\">\n<p><a href=\"https:\/\/sunnerbofonster.se\/laddaner\/Prislista_Sunnerbo.pdf\">Prislista<\/a><\/p>\n<\/div><\/div><\/div><div class=\"fusion-panel panel-default fusion-toggle-no-divider fusion-toggle-boxed-mode\" role=\"tabpanel\"><div class=\"panel-heading\"><h4 class=\"panel-title toggle\"><a aria-expanded=\"false\" aria-selected=\"false\" aria-controls=\"449000e38cbe11dbd\" role=\"tab\" data-toggle=\"collapse\" data-parent=\"#accordion-347-2\" data-target=\"#449000e38cbe11dbd\" href=\"#449000e38cbe11dbd\"><span class=\"fusion-toggle-icon-wrapper\" aria-hidden=\"true\"><i class=\"fa-fusion-box\"><\/i><\/span><span class=\"fusion-toggle-heading\">Broschyr F\u00f6nster & D\u00f6rrar<\/span><\/a><\/h4><\/div><div id=\"449000e38cbe11dbd\" class=\"panel-collapse collapse \"><div class=\"panel-body toggle-content fusion-clearfix\"><a href=\"https:\/\/sunnerbofonster.se\/laddaner\/Broschyr_Fonster_Dorrar.pdf\">Broschyr F\u00f6nster &#038; D\u00f6rrar<\/a><\/div><\/div><\/div><\/div><\/div><div class=\"fusion-clearfix\"><\/div><\/div><\/div><div  class=\"fusion-layout-column fusion_builder_column fusion_builder_column_2_3 fusion-builder-column-2 fusion-two-third fusion-column-last 2_3\"  style='margin-top:0px;margin-bottom:0px;width:66.66%;width:calc(66.66% - ( ( 4% ) * 0.6666 ) );'><div class=\"fusion-column-wrapper\" style=\"padding: 0px 0px 0px 16%;background-position:left top;background-repeat:no-repeat;-webkit-background-size:cover;-moz-background-size:cover;-o-background-size:cover;background-size:cover;\"   data-bg-url=\"\"><div class=\"fusion-sep-clear\"><\/div><div class=\"fusion-separator fusion-full-width-sep sep-none\" style=\"margin-left: auto;margin-right: auto;margin-top:5px;\"><\/div><span class=\"fusion-imageframe imageframe-none imageframe-1 hover-type-none\"><img loading=\"lazy\" decoding=\"async\" src=\"https:\/\/sunnerbofonster.se\/wp-content\/uploads\/2017\/04\/Sun_fdoor_bild_4_stor-e1498662055906.jpg\" width=\"750\" height=\"449\" alt=\"\" title=\"Sun_fdoor_bild_4_stor\" class=\"img-responsive wp-image-348\"\/><\/span><div class=\"fusion-clearfix\"><\/div><\/div><\/div><\/div><\/div><div class=\"fusion-fullwidth fullwidth-box fusion-builder-row-3 nonhundred-percent-fullwidth non-hundred-percent-height-scrolling\"  style='background-color: rgba(255,255,255,0);background-position: center center;background-repeat: no-repeat;padding-top:20px;padding-right:18%;padding-bottom:20px;padding-left:18%;margin-bottom: 20px;margin-top: 20px;'><div class=\"fusion-builder-row fusion-row \"><div  class=\"fusion-layout-column fusion_builder_column fusion_builder_column_1_4 fusion-builder-column-3 fusion-one-fourth fusion-column-first 1_4\"  style='margin-top:0px;margin-bottom:0px;width:25%;width:calc(25% - ( ( 4% + 4% + 4% ) * 0.25 ) );margin-right: 4%;'><div class=\"fusion-column-wrapper\" style=\"padding: 0px 0px 0px 0px;background-position:left top;background-repeat:no-repeat;-webkit-background-size:cover;-moz-background-size:cover;-o-background-size:cover;background-size:cover;\"   data-bg-url=\"\"><div class=\"fusion-sep-clear\"><\/div><div class=\"fusion-separator fusion-full-width-sep sep-none\" style=\"margin-left: auto;margin-right: auto;margin-top:40px;\"><\/div><div class=\"fusion-text\"><h2>V\u00e5ra<br \/>\nF\u00f6nsterd\u00f6rrar<\/h2>\n<h3>-praktisk i full frihet<\/h3>\n<\/div><div class=\"fusion-clearfix\"><\/div><\/div><\/div><div  class=\"fusion-layout-column fusion_builder_column fusion_builder_column_1_4 fusion-builder-column-4 fusion-one-fourth 1_4\"  style='margin-top:0px;margin-bottom:0px;width:25%;width:calc(25% - ( ( 4% + 4% + 4% ) * 0.25 ) );margin-right: 4%;'><div class=\"fusion-column-wrapper\" style=\"padding: 0px 0px 0px 0px;background-position:left top;background-repeat:no-repeat;-webkit-background-size:cover;-moz-background-size:cover;-o-background-size:cover;background-size:cover;\"   data-bg-url=\"\"><span style=\"-webkit-box-shadow: 0 0 3px rgba(0,0,0,0.3);box-shadow: 0 0 3px rgba(0,0,0,0.3);\" class=\"fusion-imageframe imageframe-glow imageframe-2 hover-type-none\"><img loading=\"lazy\" decoding=\"async\" src=\"http:\/\/sun.doffdata.se\/wp-content\/uploads\/2017\/04\/Sun_fdoor_serie_liten_1.jpg\" width=\"420\" height=\"460\" alt=\"\" title=\"Sun_fdoor_serie_liten_1\" class=\"img-responsive wp-image-349\" srcset=\"https:\/\/sunnerbofonster.se\/wp-content\/uploads\/2017\/04\/Sun_fdoor_serie_liten_1-200x219.jpg 200w, https:\/\/sunnerbofonster.se\/wp-content\/uploads\/2017\/04\/Sun_fdoor_serie_liten_1-400x438.jpg 400w, https:\/\/sunnerbofonster.se\/wp-content\/uploads\/2017\/04\/Sun_fdoor_serie_liten_1.jpg 420w\" sizes=\"(max-width: 800px) 100vw, 420px\" \/><\/span><div class=\"fusion-clearfix\"><\/div><\/div><\/div><div  class=\"fusion-layout-column fusion_builder_column fusion_builder_column_1_4 fusion-builder-column-5 fusion-one-fourth 1_4\"  style='margin-top:0px;margin-bottom:0px;width:25%;width:calc(25% - ( ( 4% + 4% + 4% ) * 0.25 ) );margin-right: 4%;'><div class=\"fusion-column-wrapper\" style=\"padding: 0px 0px 0px 0px;background-position:left top;background-repeat:no-repeat;-webkit-background-size:cover;-moz-background-size:cover;-o-background-size:cover;background-size:cover;\"   data-bg-url=\"\"><span style=\"-webkit-box-shadow: 0 0 3px rgba(0,0,0,0.3);box-shadow: 0 0 3px rgba(0,0,0,0.3);\" class=\"fusion-imageframe imageframe-glow imageframe-3 hover-type-none\"><img loading=\"lazy\" decoding=\"async\" src=\"http:\/\/sun.doffdata.se\/wp-content\/uploads\/2017\/04\/Sun_fdoor_serie_liten_2.jpg\" width=\"420\" height=\"460\" alt=\"\" title=\"Sun_fdoor_serie_liten_2\" class=\"img-responsive wp-image-350\" srcset=\"https:\/\/sunnerbofonster.se\/wp-content\/uploads\/2017\/04\/Sun_fdoor_serie_liten_2-200x219.jpg 200w, https:\/\/sunnerbofonster.se\/wp-content\/uploads\/2017\/04\/Sun_fdoor_serie_liten_2-400x438.jpg 400w, https:\/\/sunnerbofonster.se\/wp-content\/uploads\/2017\/04\/Sun_fdoor_serie_liten_2.jpg 420w\" sizes=\"(max-width: 800px) 100vw, 420px\" \/><\/span><div class=\"fusion-clearfix\"><\/div><\/div><\/div><div  class=\"fusion-layout-column fusion_builder_column fusion_builder_column_1_4 fusion-builder-column-6 fusion-one-fourth fusion-column-last 1_4\"  style='margin-top:0px;margin-bottom:0px;width:25%;width:calc(25% - ( ( 4% + 4% + 4% ) * 0.25 ) );'><div class=\"fusion-column-wrapper\" style=\"padding: 0px 0px 0px 0px;background-position:left top;background-repeat:no-repeat;-webkit-background-size:cover;-moz-background-size:cover;-o-background-size:cover;background-size:cover;\"   data-bg-url=\"\"><span style=\"-webkit-box-shadow: 0 0 3px rgba(0,0,0,0.3);box-shadow: 0 0 3px rgba(0,0,0,0.3);\" class=\"fusion-imageframe imageframe-glow imageframe-4 hover-type-none\"><img loading=\"lazy\" decoding=\"async\" src=\"http:\/\/sun.doffdata.se\/wp-content\/uploads\/2017\/04\/Sun_fdoor_serie_liten_3.jpg\" width=\"420\" height=\"460\" alt=\"\" title=\"Sun_fdoor_serie_liten_3\" class=\"img-responsive wp-image-351\" srcset=\"https:\/\/sunnerbofonster.se\/wp-content\/uploads\/2017\/04\/Sun_fdoor_serie_liten_3-200x219.jpg 200w, https:\/\/sunnerbofonster.se\/wp-content\/uploads\/2017\/04\/Sun_fdoor_serie_liten_3-400x438.jpg 400w, https:\/\/sunnerbofonster.se\/wp-content\/uploads\/2017\/04\/Sun_fdoor_serie_liten_3.jpg 420w\" sizes=\"(max-width: 800px) 100vw, 420px\" \/><\/span><div class=\"fusion-clearfix\"><\/div><\/div><\/div><\/div><\/div><div class=\"fusion-fullwidth fullwidth-box fusion-builder-row-4 nonhundred-percent-fullwidth non-hundred-percent-height-scrolling\"  style='background-color: rgba(255,255,255,0);background-position: center center;background-repeat: no-repeat;padding-top:20px;padding-right:18%;padding-bottom:20px;padding-left:18%;margin-bottom: 20px;margin-top: 20px;'><div class=\"fusion-builder-row fusion-row \"><div  class=\"fusion-layout-column fusion_builder_column fusion_builder_column_1_1 fusion-builder-column-7 fusion-one-full fusion-column-first fusion-column-last 1_1\"  style='margin-top:0px;margin-bottom:0px;'><div class=\"fusion-column-wrapper\" style=\"background-color:#f0f0f0;padding: 20px 20px 20px 20px;background-position:left top;background-repeat:no-repeat;-webkit-background-size:cover;-moz-background-size:cover;-o-background-size:cover;background-size:cover;\"   data-bg-url=\"\"><div class=\"fusion-text\"><article class=\"sixteen columns\">\n<h3>F\u00f6nsterd\u00f6rrar<\/h3>\n<p>F\u00f6nsterd\u00f6rr kan f\u00e5s i m\u00e5nga olika utf\u00f6rande. Allt fr\u00e5n helglasade till br\u00f6stning i olika h\u00f6jder. L\u00e4mpligen l\u00e5ter man det f\u00f6nster som sitter i anslutning med d\u00f6rren best\u00e4mma br\u00f6stningsh\u00f6jden. F\u00f6nsterd\u00f6rrar har tr\u00f6skel med tr\u00f6skelnos i aluminium samt g\u00e5ngj\u00e4rn med bakkants\u00e4kring. Dubbla hakkolvar och dubbla kilkolvar i spanjoletten. Pard\u00f6rrar levereras med spanjolett i b\u00e5da d\u00f6rrarna som standard. Dorma l\u00e5scylindrar med l\u00e5ng medbringare rekommenderas; inv\u00e4ndig DC521 SE och utv\u00e4ndig DC501 SE samt b\u00e5de in- och utv\u00e4ndigt DC5010 SE.<\/p>\n<p>OBS! Om ASSA l\u00e5scylindrar ur 1200- och 1300-serien monteras, kan problem uppst\u00e5 med att nyckeln tar emot d\u00f6rrkarmen.<\/p>\n<\/article>\n<\/div><div class=\"fusion-sep-clear\"><\/div><div class=\"fusion-separator fusion-full-width-sep sep-none\" style=\"margin-left: auto;margin-right: auto;margin-top:20px;\"><\/div><div class=\"fusion-builder-row fusion-builder-row-inner fusion-row \"><div  class=\"fusion-layout-column fusion_builder_column fusion_builder_column_1_4 fusion-builder-nested-column-1 fusion-one-fourth fusion-column-first 1_4\"  style='margin-top: 0px;margin-bottom: 0px;width:25%;width:calc(25% - ( ( 4% + 4% + 4% ) * 0.25 ) );margin-right:4%;'>\n\t\t\t\t\t<div class=\"fusion-column-wrapper fusion-column-wrapper-1\" style=\"padding: 0px 0px 0px 0px;background-position:left top;background-repeat:no-repeat;-webkit-background-size:cover;-moz-background-size:cover;-o-background-size:cover;background-size:cover;\" data-bg-url=\"\">\n\t\t\t\t\t\t<span class=\"fusion-imageframe imageframe-none imageframe-5 hover-type-none\"><img loading=\"lazy\" decoding=\"async\" src=\"https:\/\/sunnerbofonster.se\/wp-content\/uploads\/2017\/04\/Sun_fdoor_bild_1_liten-e1498662513563.jpg\" width=\"260\" height=\"208\" alt=\"\" title=\"Sun_fdoor_bild_1_liten\" class=\"img-responsive wp-image-352\"\/><\/span>\n\n\t\t\t\t\t<\/div>\n\t\t\t\t<\/div><div  class=\"fusion-layout-column fusion_builder_column fusion_builder_column_1_4 fusion-builder-nested-column-2 fusion-one-fourth 1_4\"  style='margin-top: 0px;margin-bottom: 0px;width:25%;width:calc(25% - ( ( 4% + 4% + 4% ) * 0.25 ) );margin-right:4%;'>\n\t\t\t\t\t<div class=\"fusion-column-wrapper fusion-column-wrapper-2\" style=\"padding: 0px 0px 0px 0px;background-position:left top;background-repeat:no-repeat;-webkit-background-size:cover;-moz-background-size:cover;-o-background-size:cover;background-size:cover;\" data-bg-url=\"\">\n\t\t\t\t\t\t<span class=\"fusion-imageframe imageframe-none imageframe-6 hover-type-none\"><img loading=\"lazy\" decoding=\"async\" src=\"http:\/\/sunnerbofonster.se\/wp-content\/uploads\/2017\/04\/spanjolett.jpg\" width=\"260\" height=\"208\" alt=\"\" title=\"spanjolett\" class=\"img-responsive wp-image-26342\" srcset=\"https:\/\/sunnerbofonster.se\/wp-content\/uploads\/2017\/04\/spanjolett-200x160.jpg 200w, https:\/\/sunnerbofonster.se\/wp-content\/uploads\/2017\/04\/spanjolett.jpg 260w\" sizes=\"(max-width: 800px) 100vw, 260px\" \/><\/span><div class=\"fusion-text\"><p>Dubbla hakkolvar\u00a0och kilkolvar som standard.<\/p>\n<\/div>\n\n\t\t\t\t\t<\/div>\n\t\t\t\t<\/div><div  class=\"fusion-layout-column fusion_builder_column fusion_builder_column_1_4 fusion-builder-nested-column-3 fusion-one-fourth 1_4\"  style='margin-top: 0px;margin-bottom: 0px;width:25%;width:calc(25% - ( ( 4% + 4% + 4% ) * 0.25 ) );margin-right:4%;'>\n\t\t\t\t\t<div class=\"fusion-column-wrapper fusion-column-wrapper-3\" style=\"padding: 0px 0px 0px 0px;background-position:left top;background-repeat:no-repeat;-webkit-background-size:cover;-moz-background-size:cover;-o-background-size:cover;background-size:cover;\" data-bg-url=\"\">\n\t\t\t\t\t\t<div class=\"imageframe-align-center\"><span class=\"fusion-imageframe imageframe-none imageframe-7 hover-type-none\"><img loading=\"lazy\" decoding=\"async\" src=\"http:\/\/sunnerbofonster.se\/wp-content\/uploads\/2017\/04\/gangjarn-e1515577402847.jpg\" width=\"180\" height=\"208\" alt=\"\" title=\"gangjarn\" class=\"img-responsive wp-image-26343\"\/><\/span><\/div><div class=\"fusion-text\"><p style=\"text-align: center;\">G\u00e5ngj\u00e4rnen \u00e4r justerbara och har bakkantss\u00e4kring.<\/p>\n<\/div>\n\n\t\t\t\t\t<\/div>\n\t\t\t\t<\/div><div  class=\"fusion-layout-column fusion_builder_column fusion_builder_column_1_4 fusion-builder-nested-column-4 fusion-one-fourth fusion-column-last 1_4\"  style='margin-top: 0px;margin-bottom: 0px;width:25%;width:calc(25% - ( ( 4% + 4% + 4% ) * 0.25 ) );'>\n\t\t\t\t\t<div class=\"fusion-column-wrapper fusion-column-wrapper-4\" style=\"padding: 0px 0px 0px 0px;background-position:left top;background-repeat:no-repeat;-webkit-background-size:cover;-moz-background-size:cover;-o-background-size:cover;background-size:cover;\" data-bg-url=\"\">\n\t\t\t\t\t\t<span class=\"fusion-imageframe imageframe-none imageframe-8 hover-type-none\"><img loading=\"lazy\" decoding=\"async\" src=\"http:\/\/sunnerbofonster.se\/wp-content\/uploads\/2017\/04\/Troskel.jpg\" width=\"259\" height=\"208\" alt=\"\" title=\"Troskel\" class=\"img-responsive wp-image-26344\" srcset=\"https:\/\/sunnerbofonster.se\/wp-content\/uploads\/2017\/04\/Troskel-200x161.jpg 200w, https:\/\/sunnerbofonster.se\/wp-content\/uploads\/2017\/04\/Troskel.jpg 259w\" sizes=\"(max-width: 800px) 100vw, 259px\" \/><\/span><div class=\"fusion-text\"><p>Tr\u00f6skel med tr\u00f6skelnos i aluminium<\/p>\n<\/div>\n\n\t\t\t\t\t<\/div>\n\t\t\t\t<\/div><\/div><div class=\"fusion-clearfix\"><\/div><\/div><\/div><\/div><\/div><div class=\"fusion-fullwidth fullwidth-box fusion-builder-row-5 nonhundred-percent-fullwidth non-hundred-percent-height-scrolling\"  style='background-color: rgba(255,255,255,0);background-position: center center;background-repeat: no-repeat;padding-top:0px;padding-right:0px;padding-bottom:0px;padding-left:0px;'><div class=\"fusion-builder-row fusion-row \"><div  class=\"fusion-layout-column fusion_builder_column fusion_builder_column_1_1 fusion-builder-column-8 fusion-one-full fusion-column-first fusion-column-last 1_1\"  style='margin-top:50px;margin-bottom:50px;'><div class=\"fusion-column-wrapper\" style=\"padding: 0px 0px 0px 0px;background-position:left top;background-repeat:no-repeat;-webkit-background-size:cover;-moz-background-size:cover;-o-background-size:cover;background-size:cover;\"   data-bg-url=\"\"><div class=\"imageframe-align-center\"><span class=\"fusion-imageframe imageframe-none imageframe-9 hover-type-none\"><img loading=\"lazy\" decoding=\"async\" src=\"https:\/\/sunnerbofonster.se\/wp-content\/uploads\/2016\/11\/start1.png\" width=\"560\" height=\"186\" alt=\"\" title=\"start1\" class=\"img-responsive wp-image-135\" srcset=\"https:\/\/sunnerbofonster.se\/wp-content\/uploads\/2016\/11\/start1-200x66.png 200w, https:\/\/sunnerbofonster.se\/wp-content\/uploads\/2016\/11\/start1-400x133.png 400w, https:\/\/sunnerbofonster.se\/wp-content\/uploads\/2016\/11\/start1.png 560w\" sizes=\"(max-width: 800px) 100vw, 560px\" \/><\/span><\/div><div class=\"fusion-clearfix\"><\/div><\/div><\/div><\/div><\/div><\/p>\n","protected":false},"excerpt":{"rendered":"","protected":false},"author":3,"featured_media":0,"parent":0,"menu_order":0,"comment_status":"closed","ping_status":"closed","template":"","meta":{"footnotes":""},"_links":{"self":[{"href":"https:\/\/sunnerbofonster.se\/index.php?rest_route=\/wp\/v2\/pages\/347"}],"collection":[{"href":"https:\/\/sunnerbofonster.se\/index.php?rest_route=\/wp\/v2\/pages"}],"about":[{"href":"https:\/\/sunnerbofonster.se\/index.php?rest_route=\/wp\/v2\/types\/page"}],"author":[{"embeddable":true,"href":"https:\/\/sunnerbofonster.se\/index.php?rest_route=\/wp\/v2\/users\/3"}],"replies":[{"embeddable":true,"href":"https:\/\/sunnerbofonster.se\/index.php?rest_route=%2Fwp%2Fv2%2Fcomments&post=347"}],"version-history":[{"count":38,"href":"https:\/\/sunnerbofonster.se\/index.php?rest_route=\/wp\/v2\/pages\/347\/revisions"}],"predecessor-version":[{"id":27577,"href":"https:\/\/sunnerbofonster.se\/index.php?rest_route=\/wp\/v2\/pages\/347\/revisions\/27577"}],"wp:attachment":[{"href":"https:\/\/sunnerbofonster.se\/index.php?rest_route=%2Fwp%2Fv2%2Fmedia&parent=347"}],"curies":[{"name":"wp","href":"https:\/\/api.w.org\/{rel}","templated":true}]}}