{"id":423,"date":"2017-05-18T14:52:41","date_gmt":"2017-05-18T14:52:41","guid":{"rendered":"http:\/\/sun.doffdata.se\/?page_id=423"},"modified":"2026-02-19T14:29:21","modified_gmt":"2026-02-19T14:29:21","slug":"lyftglidpartier","status":"publish","type":"page","link":"https:\/\/sunnerbofonster.se\/?page_id=423","title":{"rendered":"LYFTGLIDPARTIER"},"content":{"rendered":"<p><div class=\"fusion-fullwidth fullwidth-box fusion-builder-row-1 nonhundred-percent-fullwidth non-hundred-percent-height-scrolling\"  style='background-color: rgba(255,255,255,0);background-position: center center;background-repeat: no-repeat;padding-right:0px;padding-left:0px;margin-bottom: 20px;margin-top: 20px;'><div class=\"fusion-builder-row fusion-row \"><div  class=\"fusion-layout-column fusion_builder_column fusion_builder_column_1_1 fusion-builder-column-0 fusion-one-full fusion-column-first fusion-column-last 1_1\"  style='margin-top:0px;margin-bottom:0px;'><div class=\"fusion-column-wrapper\" style=\"background-color:#f0f0f0;padding: 30px 18% 30px 18%;background-position:left top;background-repeat:no-repeat;-webkit-background-size:cover;-moz-background-size:cover;-o-background-size:cover;background-size:cover;\"   data-bg-url=\"\"><div class=\"fusion-text\"><h1>Produkter<small>\u00a0<a href=\"http:\/\/sun.doffdata.se\/?page_id=264\"><span style=\"color: #ddc565;\">F\u00f6nster<\/span><\/a>\u00a0&#8211;\u00a0Lyftglidparter<\/small><\/h1>\n<\/div><div class=\"fusion-clearfix\"><\/div><\/div><\/div><\/div><\/div><div class=\"fusion-fullwidth fullwidth-box fusion-builder-row-2 nonhundred-percent-fullwidth non-hundred-percent-height-scrolling\"  style='background-color: rgba(255,255,255,0);background-position: center center;background-repeat: no-repeat;padding-top:20px;padding-right:18%;padding-bottom:20px;padding-left:18%;margin-bottom: 20px;margin-top: 20px;'><div class=\"fusion-builder-row fusion-row \"><div  class=\"fusion-layout-column fusion_builder_column fusion_builder_column_1_3 fusion-builder-column-1 fusion-one-third fusion-column-first 1_3\"  style='margin-top:0px;margin-bottom:0px;width:33.33%;width:calc(33.33% - ( ( 4% ) * 0.3333 ) );margin-right: 4%;'><div class=\"fusion-column-wrapper\" style=\"padding: 0px 0px 0px 0px;background-position:left top;background-repeat:no-repeat;-webkit-background-size:cover;-moz-background-size:cover;-o-background-size:cover;background-size:cover;\"   data-bg-url=\"\"><div class=\"fusion-sep-clear\"><\/div><div class=\"fusion-separator fusion-full-width-sep sep-none\" style=\"margin-left: auto;margin-right: auto;margin-top:5px;\"><\/div><style type=\"text\/css\">#accordion-423-1 .fusion-panel:hover, #accordion-423-1 .fusion-panel.hover{ background-color: #f9f9f9 } #accordion-423-1 .fusion-panel { border-color:#cccccc; border-width:1px; background-color:#ffffff; }.fusion-accordian  #accordion-423-1 .panel-title a .fa-fusion-box{ color: #ffffff;}.fusion-accordian  #accordion-423-1 .panel-title a .fa-fusion-box:before{ font-size: 13px; width: 13px;}.fusion-accordian  #accordion-423-1 .panel-title a{font-size:22px;}.fusion-accordian  #accordion-423-1 .fa-fusion-box { background-color: #cccccc;border-color: #cccccc;}.fusion-accordian  #accordion-423-1 .panel-title a:hover, #accordion-423-1 .fusion-toggle-boxed-mode:hover .panel-title a { color: #bf3527;}.fusion-accordian  #accordion-423-1 .panel-title .active .fa-fusion-box,.fusion-accordian  #accordion-423-1 .panel-title a:hover .fa-fusion-box { background-color: #bf3527!important;border-color: #bf3527!important;}<\/style><div class=\"accordian fusion-accordian\"><div class=\"panel-group\" id=\"accordion-423-1\" role=\"tablist\"><div class=\"fusion-panel panel-default fusion-toggle-no-divider fusion-toggle-boxed-mode\" role=\"tabpanel\"><div class=\"panel-heading\"><h4 class=\"panel-title toggle\"><a aria-expanded=\"false\" aria-selected=\"false\" aria-controls=\"e6c791b71fb2f0482\" role=\"tab\" data-toggle=\"collapse\" data-parent=\"#accordion-423-1\" data-target=\"#e6c791b71fb2f0482\" href=\"#e6c791b71fb2f0482\"><span class=\"fusion-toggle-icon-wrapper\" aria-hidden=\"true\"><i class=\"fa-fusion-box\"><\/i><\/span><span class=\"fusion-toggle-heading\">3-GLASF\u00d6NSTER<\/span><\/a><\/h4><\/div><div id=\"e6c791b71fb2f0482\" class=\"panel-collapse collapse \"><div class=\"panel-body toggle-content fusion-clearfix\">\n<p><a href=\"https:\/\/sunnerbofonster.se\/?page_id=334\">Fasta F\u00f6nster<\/a><\/p>\n<hr \/>\n<p><a href=\"https:\/\/sunnerbofonster.se\/?page_id=334\">F\u00f6nsterd\u00f6rrar<\/a><\/p>\n<hr \/>\n<p><a href=\"https:\/\/sunnerbofonster.se\/?page_id=378\">Tillbeh\u00f6r<\/a><\/p>\n<\/div><\/div><\/div><div class=\"fusion-panel panel-default fusion-toggle-no-divider fusion-toggle-boxed-mode\" role=\"tabpanel\"><div class=\"panel-heading\"><h4 class=\"panel-title toggle\"><a aria-expanded=\"false\" aria-selected=\"false\" aria-controls=\"5af1e98a1fa6443b6\" role=\"tab\" data-toggle=\"collapse\" data-parent=\"#accordion-423-1\" data-target=\"#5af1e98a1fa6443b6\" href=\"#5af1e98a1fa6443b6\"><span class=\"fusion-toggle-icon-wrapper\" aria-hidden=\"true\"><i class=\"fa-fusion-box\"><\/i><\/span><span class=\"fusion-toggle-heading\">2-GLASF\u00d6NSTER<\/span><\/a><\/h4><\/div><div id=\"5af1e98a1fa6443b6\" class=\"panel-collapse collapse \"><div class=\"panel-body toggle-content fusion-clearfix\">\n<p><a href=\"https:\/\/sunnerbofonster.se\/?page_id=406\">2-Glasf\u00f6nster<\/a><\/p>\n<\/div><\/div><\/div><div class=\"fusion-panel panel-default fusion-toggle-no-divider fusion-toggle-boxed-mode\" role=\"tabpanel\"><div class=\"panel-heading\"><h4 class=\"panel-title toggle\"><a aria-expanded=\"false\" aria-selected=\"false\" aria-controls=\"b3ac23ba5e3cfc8ef\" role=\"tab\" data-toggle=\"collapse\" data-parent=\"#accordion-423-1\" data-target=\"#b3ac23ba5e3cfc8ef\" href=\"#b3ac23ba5e3cfc8ef\"><span class=\"fusion-toggle-icon-wrapper\" aria-hidden=\"true\"><i class=\"fa-fusion-box\"><\/i><\/span><span class=\"fusion-toggle-heading\">LYFTGLIDPARTIER<\/span><\/a><\/h4><\/div><div id=\"b3ac23ba5e3cfc8ef\" class=\"panel-collapse collapse \"><div class=\"panel-body toggle-content fusion-clearfix\">\n<p><a href=\"https:\/\/sunnerbofonster.se\/?page_id=423\">Lyftglidpartier<\/a><\/p>\n<\/div><\/div><\/div><div class=\"fusion-panel panel-default fusion-toggle-no-divider fusion-toggle-boxed-mode\" role=\"tabpanel\"><div class=\"panel-heading\"><h4 class=\"panel-title toggle\"><a aria-expanded=\"false\" aria-selected=\"false\" aria-controls=\"001d1b20ca6240844\" role=\"tab\" data-toggle=\"collapse\" data-parent=\"#accordion-423-1\" data-target=\"#001d1b20ca6240844\" href=\"#001d1b20ca6240844\"><span class=\"fusion-toggle-icon-wrapper\" aria-hidden=\"true\"><i class=\"fa-fusion-box\"><\/i><\/span><span class=\"fusion-toggle-heading\">SNEDA OCH RUNDA F\u00d6NSTER<\/span><\/a><\/h4><\/div><div id=\"001d1b20ca6240844\" class=\"panel-collapse collapse \"><div class=\"panel-body toggle-content fusion-clearfix\">\n<p><a href=\"https:\/\/sunnerbofonster.se\/?page_id=444\">Sneda och runda f\u00f6nster<\/a><\/p>\n<\/div><\/div><\/div><\/div><\/div><div class=\"fusion-sep-clear\"><\/div><div class=\"fusion-separator fusion-full-width-sep sep-none\" style=\"margin-left: auto;margin-right: auto;margin-top:12px;\"><\/div><div class=\"fusion-text\"><p style=\"text-align: center;\">Ladda ner<br \/>\n<span style=\"color: #339966;\">\u2228<\/span><\/p>\n<\/div><style type=\"text\/css\">#accordion-423-2 .fusion-panel:hover, #accordion-423-2 .fusion-panel.hover{ background-color: #f9f9f9 } #accordion-423-2 .fusion-panel { border-color:#cccccc; border-width:1px; background-color:#ffffff; }.fusion-accordian  #accordion-423-2 .panel-title a .fa-fusion-box{ color: #ffffff;}.fusion-accordian  #accordion-423-2 .panel-title a .fa-fusion-box:before{ font-size: 13px; width: 13px;}.fusion-accordian  #accordion-423-2 .panel-title a{font-size:22px;}.fusion-accordian  #accordion-423-2 .fa-fusion-box { background-color: #cccccc;border-color: #cccccc;}.fusion-accordian  #accordion-423-2 .panel-title a:hover, #accordion-423-2 .fusion-toggle-boxed-mode:hover .panel-title a { color: #bf3527;}.fusion-accordian  #accordion-423-2 .panel-title .active .fa-fusion-box,.fusion-accordian  #accordion-423-2 .panel-title a:hover .fa-fusion-box { background-color: #bf3527!important;border-color: #bf3527!important;}<\/style><div class=\"accordian fusion-accordian\"><div class=\"panel-group\" id=\"accordion-423-2\" role=\"tablist\"><div class=\"fusion-panel panel-default fusion-toggle-no-divider fusion-toggle-boxed-mode\" role=\"tabpanel\"><div class=\"panel-heading\"><h4 class=\"panel-title toggle\"><a aria-expanded=\"false\" aria-selected=\"false\" aria-controls=\"549967001b8840514\" role=\"tab\" data-toggle=\"collapse\" data-parent=\"#accordion-423-2\" data-target=\"#549967001b8840514\" href=\"#549967001b8840514\"><span class=\"fusion-toggle-icon-wrapper\" aria-hidden=\"true\"><i class=\"fa-fusion-box\"><\/i><\/span><span class=\"fusion-toggle-heading\">Prislista<\/span><\/a><\/h4><\/div><div id=\"549967001b8840514\" class=\"panel-collapse collapse \"><div class=\"panel-body toggle-content fusion-clearfix\">\n<p><a href=\"https:\/\/sunnerbofonster.se\/laddaner\/Prislista_Sunnerbo.pdf\">Prislista<\/a><\/p>\n<\/div><\/div><\/div><div class=\"fusion-panel panel-default fusion-toggle-no-divider fusion-toggle-boxed-mode\" role=\"tabpanel\"><div class=\"panel-heading\"><h4 class=\"panel-title toggle\"><a aria-expanded=\"false\" aria-selected=\"false\" aria-controls=\"067243da0698900e3\" role=\"tab\" data-toggle=\"collapse\" data-parent=\"#accordion-423-2\" data-target=\"#067243da0698900e3\" href=\"#067243da0698900e3\"><span class=\"fusion-toggle-icon-wrapper\" aria-hidden=\"true\"><i class=\"fa-fusion-box\"><\/i><\/span><span class=\"fusion-toggle-heading\">Broschyr F\u00f6nster & D\u00f6rrar<\/span><\/a><\/h4><\/div><div id=\"067243da0698900e3\" class=\"panel-collapse collapse \"><div class=\"panel-body toggle-content fusion-clearfix\"><a href=\"https:\/\/sunnerbofonster.se\/laddaner\/Broschyr_Fonster_Dorrar.pdf\">Broschyr F\u00f6nster &#038; D\u00f6rrar<\/a><\/div><\/div><\/div><\/div><\/div><div class=\"fusion-clearfix\"><\/div><\/div><\/div><div  class=\"fusion-layout-column fusion_builder_column fusion_builder_column_2_3 fusion-builder-column-2 fusion-two-third fusion-column-last 2_3\"  style='margin-top:0px;margin-bottom:0px;width:66.66%;width:calc(66.66% - ( ( 4% ) * 0.6666 ) );'><div class=\"fusion-column-wrapper\" style=\"padding: 0px 0px 0px 16%;background-position:left top;background-repeat:no-repeat;-webkit-background-size:cover;-moz-background-size:cover;-o-background-size:cover;background-size:cover;\"   data-bg-url=\"\"><div class=\"fusion-sep-clear\"><\/div><div class=\"fusion-separator fusion-full-width-sep sep-none\" style=\"margin-left: auto;margin-right: auto;margin-top:;margin-bottom:5px;\"><\/div>\t\t\t\t\t<div class=\"fusion-slider-container fusion-slider-sc-lyftglidpartier fusion-slider-20 fixed-width-slider\" data-id=\"20\" style=\"height:449px; max-width:750px;\">\n\t\t\t\t\t\t<style type=\"text\/css\">.fusion-slider-20 .flex-direction-nav a {width:63px;height:63px;line-height:63px;font-size:25px;}<\/style>\t\t\t\t\t\t<div class=\"fusion-slider-loading\">Loading...<\/div>\n\t\t\t\t\t\t<div class=\"tfs-slider flexslider main-flex fixed-width-slider\" data-slider_width=\"750px\" data-slider_height=\"449px\" data-full_screen=\"0\" data-parallax=\"0\" data-nav_arrows=\"1\" data-nav_box_width=\"63px\" data-nav_box_height=\"63px\" data-nav_arrow_size=\"25px\" data-pagination_circles=\"0\" data-autoplay=\"1\" data-loop=\"1\" data-animation=\"slide\" data-slideshow_speed=\"7000\" data-animation_speed=\"600\" data-typo_sensitivity=\"1\" data-typo_factor=\"1.5\" style=\"max-width:750px;\">\n\t\t\t\t\t\t\t<ul class=\"slides\">\n\t\t\t\t\t\t\t\t\t\t\t\t\t\t\t\t\t<li data-mute=\"yes\" data-loop=\"yes\" data-autoplay=\"yes\">\n\t\t\t\t\t\t\t\t\t\t<div class=\"slide-content-container slide-content-center\" style=\"display: none;\">\n\t\t\t\t\t\t\t\t\t\t\t<div class=\"slide-content\" style=\"\">\n\t\t\t\t\t\t\t\t\t\t\t\t\t\t\t\t\t\t\t\t\t\t\t\t\t\t\t\t\t\t\t\t\t\t\t\t\t\t\t\t\t\t\t\t\t\t\t<\/div>\n\t\t\t\t\t\t\t\t\t\t<\/div>\n\t\t\t\t\t\t\t\t\t\t\t\t\t\t\t\t\t\t\n\t\t\t\t\t\t\t\t\t\t\t\t\t\t\t\t\t\t\t\t\t\t\t\t\t\t\t\t\t\t<div class=\"background background-image\" style=\"background-image: url(https:\/\/sunnerbofonster.se\/wp-content\/uploads\/2020\/02\/23.jpg);max-width:750px;height:449px;filter: progid:DXImageTransform.Microsoft.AlphaImageLoader(src='https:\/\/sunnerbofonster.se\/wp-content\/uploads\/2020\/02\/23.jpg', sizingMethod='scale');\" data-imgwidth=\"1920\">\n\t\t\t\t\t\t\t\t\t\t\t\t\t\t\t\t\t\t\t\t\t\t\t\t\t\t\t\t\t\t\t\t\t\t\t\t\t\t\t\t\t\t\t\t\t\t\t\t\t\t\t\t\t\t\t\t\t\t\t\t\t\t\t\t\t\t<\/div>\n\t\t\t\t\t\t\t\t\t<\/li>\n\t\t\t\t\t\t\t\t\t\t\t\t\t\t\t\t\t<li data-mute=\"yes\" data-loop=\"yes\" data-autoplay=\"yes\">\n\t\t\t\t\t\t\t\t\t\t<div class=\"slide-content-container slide-content-left\" style=\"display: none;\">\n\t\t\t\t\t\t\t\t\t\t\t<div class=\"slide-content\" style=\"\">\n\t\t\t\t\t\t\t\t\t\t\t\t\t\t\t\t\t\t\t\t\t\t\t\t\t\t\t\t\t\t\t\t\t\t\t\t\t\t\t\t\t\t\t\t\t\t\t\t\t<div class=\"buttons\" >\n\t\t\t\t\t\t\t\t\t\t\t\t\t\t\t\t\t\t\t\t\t\t\t\t\t\t\t\t\t\t\t\t\t\t\t\t\t\t\t\t\t<\/div>\n\t\t\t\t\t\t\t\t\t\t\t\t\t\t\t\t\t\t\t\t\t\t\t<\/div>\n\t\t\t\t\t\t\t\t\t\t<\/div>\n\t\t\t\t\t\t\t\t\t\t\t\t\t\t\t\t\t\t\n\t\t\t\t\t\t\t\t\t\t\t\t\t\t\t\t\t\t\t\t\t\t\t\t\t\t\t\t\t\t<div class=\"background background-image\" style=\"background-image: url(https:\/\/sunnerbofonster.se\/wp-content\/uploads\/2017\/05\/Sun_bild_6_stor.jpg);max-width:750px;height:449px;filter: progid:DXImageTransform.Microsoft.AlphaImageLoader(src='https:\/\/sunnerbofonster.se\/wp-content\/uploads\/2017\/05\/Sun_bild_6_stor.jpg', sizingMethod='scale');\" data-imgwidth=\"880\">\n\t\t\t\t\t\t\t\t\t\t\t\t\t\t\t\t\t\t\t\t\t\t\t\t\t\t\t\t\t\t\t\t\t\t\t\t\t\t\t\t\t\t\t\t\t\t\t\t\t\t\t\t\t\t\t\t\t\t\t\t\t\t\t\t\t\t<\/div>\n\t\t\t\t\t\t\t\t\t<\/li>\n\t\t\t\t\t\t\t\t\t\t\t\t\t\t\t\t\t<li data-mute=\"yes\" data-loop=\"yes\" data-autoplay=\"yes\">\n\t\t\t\t\t\t\t\t\t\t<div class=\"slide-content-container slide-content-left\" style=\"display: none;\">\n\t\t\t\t\t\t\t\t\t\t\t<div class=\"slide-content\" style=\"\">\n\t\t\t\t\t\t\t\t\t\t\t\t\t\t\t\t\t\t\t\t\t\t\t\t\t\t\t\t\t\t\t\t\t\t\t\t\t\t\t\t\t\t\t\t\t\t\t\t\t<div class=\"buttons\" >\n\t\t\t\t\t\t\t\t\t\t\t\t\t\t\t\t\t\t\t\t\t\t\t\t\t\t\t\t\t\t\t\t\t\t\t\t\t\t\t\t\t<\/div>\n\t\t\t\t\t\t\t\t\t\t\t\t\t\t\t\t\t\t\t\t\t\t\t<\/div>\n\t\t\t\t\t\t\t\t\t\t<\/div>\n\t\t\t\t\t\t\t\t\t\t\t\t\t\t\t\t\t\t\n\t\t\t\t\t\t\t\t\t\t\t\t\t\t\t\t\t\t\t\t\t\t\t\t\t\t\t\t\t\t<div class=\"background background-image\" style=\"background-image: url(https:\/\/sunnerbofonster.se\/wp-content\/uploads\/2017\/05\/Sun_bild_4b_liten.jpg);max-width:750px;height:449px;filter: progid:DXImageTransform.Microsoft.AlphaImageLoader(src='https:\/\/sunnerbofonster.se\/wp-content\/uploads\/2017\/05\/Sun_bild_4b_liten.jpg', sizingMethod='scale');\" data-imgwidth=\"880\">\n\t\t\t\t\t\t\t\t\t\t\t\t\t\t\t\t\t\t\t\t\t\t\t\t\t\t\t\t\t\t\t\t\t\t\t\t\t\t\t\t\t\t\t\t\t\t\t\t\t\t\t\t\t\t\t\t\t\t\t\t\t\t\t\t\t\t<\/div>\n\t\t\t\t\t\t\t\t\t<\/li>\n\t\t\t\t\t\t\t\t\t\t\t\t\t\t\t\t\t\t\t\t\t\t\t<\/ul>\n\t\t\t\t\t\t<\/div>\n\t\t\t\t\t<\/div>\n\t\t\t\t\t\t\t\t<div class=\"fusion-clearfix\"><\/div><\/div><\/div><\/div><\/div><div class=\"fusion-fullwidth fullwidth-box fusion-builder-row-3 nonhundred-percent-fullwidth non-hundred-percent-height-scrolling\"  style='background-color: rgba(255,255,255,0);background-position: center center;background-repeat: no-repeat;padding-top:20px;padding-right:18%;padding-bottom:20px;padding-left:18%;margin-bottom: 20px;margin-top: 20px;'><div class=\"fusion-builder-row fusion-row \"><div  class=\"fusion-layout-column fusion_builder_column fusion_builder_column_1_1 fusion-builder-column-3 fusion-one-full fusion-column-first fusion-column-last 1_1\"  style='margin-top:0px;margin-bottom:0px;width:100%'><div class=\"fusion-column-wrapper\" style=\"background-color:#f0f0f0;padding: 20px 20px 20px 20px;background-position:left top;background-repeat:no-repeat;-webkit-background-size:cover;-moz-background-size:cover;-o-background-size:cover;background-size:cover;\"   data-bg-url=\"\"><div class=\"fusion-text\"><article class=\"sixteen columns\">\n<article class=\"sixteen columns\">\n<article class=\"sixteen columns\">\n<article class=\"sixteen columns\">\n<h3>Lyftglidpartier<\/h3>\n<p>Med v\u00e5rt lyftglidparti suddar du ut gr\u00e4nsen mellan inne och ute. Trots den robusta och s\u00e4kra konstruktionen beh\u00f6vs bara ett enkelt handgrepp f\u00f6r att \u00f6ppna och sl\u00e4ppa in sommaren eller f\u00f6r att skapa ett h\u00e4rligt stort uterum inne. Lyftglidpartiet har h\u00e4rdat glas in- och utv\u00e4ndigt och ett U-v\u00e4rde p\u00e5 1,1 W\/m2K. Finns som tr\u00e4 eller tr\u00e4\/aluminium.<\/p>\n<\/article>\n<\/article>\n<\/article>\n<\/article>\n<\/div><div class=\"fusion-sep-clear\"><\/div><div class=\"fusion-separator fusion-full-width-sep sep-none\" style=\"margin-left: auto;margin-right: auto;margin-top:20px;\"><\/div><div class=\"fusion-builder-row fusion-builder-row-inner fusion-row \"><div  class=\"fusion-layout-column fusion_builder_column fusion_builder_column_1_4 fusion-builder-nested-column-1 fusion-one-fourth fusion-column-first 1_4\"  style='margin-top: 0px;margin-bottom: 0px;width:22%; margin-right:4%;'>\n\t\t\t\t\t<div class=\"fusion-column-wrapper fusion-column-wrapper-1\" style=\"padding: 0px 0px 0px 0px;background-position:left top;background-repeat:no-repeat;-webkit-background-size:cover;-moz-background-size:cover;-o-background-size:cover;background-size:cover;\" data-bg-url=\"\">\n\t\t\t\t\t\t<span class=\"fusion-imageframe imageframe-none imageframe-1 hover-type-none\"><img loading=\"lazy\" decoding=\"async\" src=\"https:\/\/sunnerbofonster.se\/wp-content\/uploads\/2026\/02\/Lyftglidparti-handtag_Vit_260x230.jpg\" width=\"260\" height=\"230\" alt=\"\" title=\"Lyftglidparti-handtag_Vit_260x230\" class=\"img-responsive wp-image-27854\" srcset=\"https:\/\/sunnerbofonster.se\/wp-content\/uploads\/2026\/02\/Lyftglidparti-handtag_Vit_260x230-200x177.jpg 200w, https:\/\/sunnerbofonster.se\/wp-content\/uploads\/2026\/02\/Lyftglidparti-handtag_Vit_260x230.jpg 260w\" sizes=\"(max-width: 800px) 100vw, 260px\" \/><\/span><div class=\"fusion-text\"><\/div>\n\n\t\t\t\t\t<\/div>\n\t\t\t\t<\/div><div  class=\"fusion-layout-column fusion_builder_column fusion_builder_column_1_4 fusion-builder-nested-column-2 fusion-one-fourth 1_4\"  style='margin-top: 0px;margin-bottom: 0px;width:22%; margin-right:4%;'>\n\t\t\t\t\t<div class=\"fusion-column-wrapper fusion-column-wrapper-2\" style=\"padding: 0px 0px 0px 0px;background-position:left top;background-repeat:no-repeat;-webkit-background-size:cover;-moz-background-size:cover;-o-background-size:cover;background-size:cover;\" data-bg-url=\"\">\n\t\t\t\t\t\t<span class=\"fusion-imageframe imageframe-none imageframe-2 hover-type-none\"><img loading=\"lazy\" decoding=\"async\" src=\"https:\/\/sunnerbofonster.se\/wp-content\/uploads\/2026\/02\/Lyftglidparti-utsida_325x230.jpg\" width=\"260\" height=\"230\" alt=\"\" title=\"Lyftglidparti-utsida_325x230\" class=\"img-responsive wp-image-27850\" srcset=\"https:\/\/sunnerbofonster.se\/wp-content\/uploads\/2026\/02\/Lyftglidparti-utsida_325x230-200x177.jpg 200w, https:\/\/sunnerbofonster.se\/wp-content\/uploads\/2026\/02\/Lyftglidparti-utsida_325x230.jpg 260w\" sizes=\"(max-width: 800px) 100vw, 260px\" \/><\/span><div class=\"fusion-text\"><\/div>\n\n\t\t\t\t\t<\/div>\n\t\t\t\t<\/div><div  class=\"fusion-layout-column fusion_builder_column fusion_builder_column_1_4 fusion-builder-nested-column-3 fusion-one-fourth 1_4\"  style='margin-top: 0px;margin-bottom: 0px;width:22%; margin-right:4%;'>\n\t\t\t\t\t<div class=\"fusion-column-wrapper fusion-column-wrapper-3\" style=\"padding: 0px 0px 0px 0px;background-position:left top;background-repeat:no-repeat;-webkit-background-size:cover;-moz-background-size:cover;-o-background-size:cover;background-size:cover;\" data-bg-url=\"\">\n\t\t\t\t\t\t<span class=\"fusion-imageframe imageframe-none imageframe-3 hover-type-none\"><img loading=\"lazy\" decoding=\"async\" src=\"https:\/\/sunnerbofonster.se\/wp-content\/uploads\/2026\/02\/Lyftglidparti-insida_325x230.jpg\" width=\"260\" height=\"230\" alt=\"\" title=\"Lyftglidparti-insida_325x230\" class=\"img-responsive wp-image-27851\" srcset=\"https:\/\/sunnerbofonster.se\/wp-content\/uploads\/2026\/02\/Lyftglidparti-insida_325x230-200x177.jpg 200w, https:\/\/sunnerbofonster.se\/wp-content\/uploads\/2026\/02\/Lyftglidparti-insida_325x230.jpg 260w\" sizes=\"(max-width: 800px) 100vw, 260px\" \/><\/span><div class=\"fusion-text\"><\/div>\n\n\t\t\t\t\t<\/div>\n\t\t\t\t<\/div><div  class=\"fusion-layout-column fusion_builder_column fusion_builder_column_1_4 fusion-builder-nested-column-4 fusion-one-fourth fusion-column-last 1_4\"  style='margin-top: 0px;margin-bottom: 0px;width:22%'>\n\t\t\t\t\t<div class=\"fusion-column-wrapper fusion-column-wrapper-4\" style=\"padding: 0px 0px 0px 0px;background-position:left top;background-repeat:no-repeat;-webkit-background-size:cover;-moz-background-size:cover;-o-background-size:cover;background-size:cover;\" data-bg-url=\"\">\n\t\t\t\t\t\t<span class=\"fusion-imageframe imageframe-none imageframe-4 hover-type-none\"><img loading=\"lazy\" decoding=\"async\" src=\"https:\/\/sunnerbofonster.se\/wp-content\/uploads\/2026\/02\/Lyftglidparti_325x230.jpg\" width=\"260\" height=\"230\" alt=\"\" title=\"Lyftglidparti_325x230\" class=\"img-responsive wp-image-27852\" srcset=\"https:\/\/sunnerbofonster.se\/wp-content\/uploads\/2026\/02\/Lyftglidparti_325x230-200x177.jpg 200w, https:\/\/sunnerbofonster.se\/wp-content\/uploads\/2026\/02\/Lyftglidparti_325x230.jpg 260w\" sizes=\"(max-width: 800px) 100vw, 260px\" \/><\/span><div class=\"fusion-text\"><\/div>\n\n\t\t\t\t\t<\/div>\n\t\t\t\t<\/div><\/div><div class=\"fusion-clearfix\"><\/div><\/div><\/div><\/div><\/div><div class=\"fusion-fullwidth fullwidth-box fusion-builder-row-4 nonhundred-percent-fullwidth non-hundred-percent-height-scrolling\"  style='background-color: rgba(255,255,255,0);background-position: center center;background-repeat: no-repeat;padding-top:0px;padding-right:0px;padding-bottom:0px;padding-left:0px;'><div class=\"fusion-builder-row fusion-row \"><div  class=\"fusion-layout-column fusion_builder_column fusion_builder_column_1_1 fusion-builder-column-4 fusion-one-full fusion-column-first fusion-column-last 1_1\"  style='margin-top:0px;margin-bottom:0px;width:100%'><div class=\"fusion-column-wrapper\" style=\"padding: 0px 0px 0px 0px;background-position:left top;background-repeat:no-repeat;-webkit-background-size:cover;-moz-background-size:cover;-o-background-size:cover;background-size:cover;\"   data-bg-url=\"\"><div class=\"imageframe-align-center\"><span class=\"fusion-imageframe imageframe-none imageframe-5 hover-type-none\"><img loading=\"lazy\" decoding=\"async\" src=\"https:\/\/sunnerbofonster.se\/wp-content\/uploads\/2016\/11\/start1.png\" width=\"560\" height=\"186\" alt=\"\" title=\"start1\" class=\"img-responsive wp-image-135\" srcset=\"https:\/\/sunnerbofonster.se\/wp-content\/uploads\/2016\/11\/start1-200x66.png 200w, https:\/\/sunnerbofonster.se\/wp-content\/uploads\/2016\/11\/start1-400x133.png 400w, https:\/\/sunnerbofonster.se\/wp-content\/uploads\/2016\/11\/start1.png 560w\" sizes=\"(max-width: 800px) 100vw, 560px\" \/><\/span><\/div><div class=\"fusion-clearfix\"><\/div><\/div><\/div><\/div><\/div><\/p>\n","protected":false},"excerpt":{"rendered":"","protected":false},"author":3,"featured_media":0,"parent":0,"menu_order":0,"comment_status":"closed","ping_status":"closed","template":"","meta":{"footnotes":""},"_links":{"self":[{"href":"https:\/\/sunnerbofonster.se\/index.php?rest_route=\/wp\/v2\/pages\/423"}],"collection":[{"href":"https:\/\/sunnerbofonster.se\/index.php?rest_route=\/wp\/v2\/pages"}],"about":[{"href":"https:\/\/sunnerbofonster.se\/index.php?rest_route=\/wp\/v2\/types\/page"}],"author":[{"embeddable":true,"href":"https:\/\/sunnerbofonster.se\/index.php?rest_route=\/wp\/v2\/users\/3"}],"replies":[{"embeddable":true,"href":"https:\/\/sunnerbofonster.se\/index.php?rest_route=%2Fwp%2Fv2%2Fcomments&post=423"}],"version-history":[{"count":23,"href":"https:\/\/sunnerbofonster.se\/index.php?rest_route=\/wp\/v2\/pages\/423\/revisions"}],"predecessor-version":[{"id":27855,"href":"https:\/\/sunnerbofonster.se\/index.php?rest_route=\/wp\/v2\/pages\/423\/revisions\/27855"}],"wp:attachment":[{"href":"https:\/\/sunnerbofonster.se\/index.php?rest_route=%2Fwp%2Fv2%2Fmedia&parent=423"}],"curies":[{"name":"wp","href":"https:\/\/api.w.org\/{rel}","templated":true}]}}