{"id":44,"date":"2016-11-18T22:18:24","date_gmt":"2016-11-18T22:18:24","guid":{"rendered":"http:\/\/sun.doffdata.se\/?page_id=44"},"modified":"2020-02-26T09:30:05","modified_gmt":"2020-02-26T09:30:05","slug":"om-oss","status":"publish","type":"page","link":"https:\/\/sunnerbofonster.se\/?page_id=44","title":{"rendered":"OM OSS"},"content":{"rendered":"<p><div class=\"fusion-fullwidth fullwidth-box fusion-builder-row-1 nonhundred-percent-fullwidth non-hundred-percent-height-scrolling\"  style='background-color: rgba(255,255,255,0);background-position: center center;background-repeat: no-repeat;padding-top:20px;padding-right:0px;padding-bottom:20px;padding-left:0px;'><div class=\"fusion-builder-row fusion-row \"><div  class=\"fusion-layout-column fusion_builder_column fusion_builder_column_1_1 fusion-builder-column-0 fusion-one-full fusion-column-first fusion-column-last 1_1\"  style='margin-top:0px;margin-bottom:0px;'><div class=\"fusion-column-wrapper\" style=\"padding: 0px 0px 0px 0px;background-position:left top;background-repeat:no-repeat;-webkit-background-size:cover;-moz-background-size:cover;-o-background-size:cover;background-size:cover;\"   data-bg-url=\"\"><div class=\"imageframe-align-center\"><span class=\"fusion-imageframe imageframe-none imageframe-1 hover-type-none\"><img loading=\"lazy\" decoding=\"async\" src=\"https:\/\/sunnerbofonster.se\/wp-content\/uploads\/2016\/11\/section-bg1a.jpg\" width=\"1919\" height=\"480\" alt=\"\" title=\"section-bg1a\" class=\"img-responsive wp-image-22\" srcset=\"https:\/\/sunnerbofonster.se\/wp-content\/uploads\/2016\/11\/section-bg1a-200x50.jpg 200w, https:\/\/sunnerbofonster.se\/wp-content\/uploads\/2016\/11\/section-bg1a-400x100.jpg 400w, https:\/\/sunnerbofonster.se\/wp-content\/uploads\/2016\/11\/section-bg1a-600x150.jpg 600w, https:\/\/sunnerbofonster.se\/wp-content\/uploads\/2016\/11\/section-bg1a-800x200.jpg 800w, https:\/\/sunnerbofonster.se\/wp-content\/uploads\/2016\/11\/section-bg1a-1200x300.jpg 1200w, https:\/\/sunnerbofonster.se\/wp-content\/uploads\/2016\/11\/section-bg1a.jpg 1919w\" sizes=\"(max-width: 800px) 100vw, 1919px\" \/><\/span><\/div><div class=\"fusion-clearfix\"><\/div><\/div><\/div><\/div><\/div><div class=\"fusion-fullwidth fullwidth-box fusion-builder-row-2 nonhundred-percent-fullwidth non-hundred-percent-height-scrolling\"  style='background-color: rgba(255,255,255,0);background-position: center center;background-repeat: no-repeat;padding-top:0px;padding-right:0px;padding-bottom:0px;padding-left:0px;margin-top: 20px;'><div class=\"fusion-builder-row fusion-row \"><div  class=\"fusion-layout-column fusion_builder_column fusion_builder_column_1_1 fusion-builder-column-1 fusion-one-full fusion-column-first fusion-column-last 1_1\"  style='margin-top:0px;margin-bottom:0px;'><div class=\"fusion-column-wrapper\" style=\"padding: 0px 0px 0px 0px;background-position:left top;background-repeat:no-repeat;-webkit-background-size:cover;-moz-background-size:cover;-o-background-size:cover;background-size:cover;\"   data-bg-url=\"\"><div class=\"fusion-text\"><h1 style=\"text-align: center;\">F\u00d6R OSS ST\u00c5R KUNDEN ALLTID I CENTRUM<\/h1>\n<\/div><div class=\"fusion-text\"><h5 style=\"text-align: center;\">Sunnerbo F\u00f6nster AB \u00e4r sedan 2008 bel\u00e4get i sm\u00e5l\u00e4ndska Nybro. I takt med \u00f6kad efterfr\u00e5gan har personalstyrkan \u00f6kat fr\u00e5n 4 till 55 personer<\/h5>\n<\/div><div class=\"fusion-clearfix\"><\/div><\/div><\/div><\/div><\/div><div class=\"fusion-fullwidth fullwidth-box fusion-builder-row-3 nonhundred-percent-fullwidth non-hundred-percent-height-scrolling\"  style='background-color: #f0f0f0;background-position: center center;background-repeat: no-repeat;padding-top:0px;padding-right:18%;padding-bottom:20px;padding-left:18%;'><div class=\"fusion-builder-row fusion-row \"><div  class=\"fusion-layout-column fusion_builder_column fusion_builder_column_1_1 fusion-builder-column-2 fusion-one-full fusion-column-first fusion-column-last 1_1\"  style='margin-top:0px;margin-bottom:0px;'><div class=\"fusion-column-wrapper\" style=\"padding: 25px 0px 0px 0px;background-position:left top;background-repeat:no-repeat;-webkit-background-size:cover;-moz-background-size:cover;-o-background-size:cover;background-size:cover;\"   data-bg-url=\"\"><div class=\"fusion-column-content-centered\"><div class=\"fusion-column-content\"><div class=\"fusion-text\"><p style=\"text-align: left;\">F\u00f6nstertillverkningen sker i produktionslokaler p\u00e5 \u00f6ver 30 000 m2. F\u00f6r att m\u00f6ta marknadens krav investerade vi under 2012 i en ny hypermodern tr\u00e4bearbetningslinje som tillverkar f\u00f6nster\u00e4mnen med mycket h\u00f6g precision. Vi kan idag leverera \u00f6ver 50.000 olika storlekar till v\u00e5ra \u00e5terf\u00f6rs\u00e4ljare. Under 2012 k\u00f6pte Sunnerbo F\u00f6nster samtliga aktier i Br\u00f6derna Johanssons Tr\u00e4f\u00f6r\u00e4dling AB med 45 anst\u00e4llda. Br\u00f6derna Johanssons \u00e4r bel\u00e4get i sk\u00e5nska Osby och \u00e4r en av Sveriges modernaste d\u00f6rrtillverkare f\u00f6r s\u00e5v\u00e4l ytter- som innerd\u00f6rrar. 2014 f\u00f6rv\u00e4rvade Sunnerbo F\u00f6nster S\u00e4vsj\u00f6 Snickerifabrik AB. Med stor yrkesskicklighet och gedigen kunskap har S\u00e4vsj\u00f6 Snickerifabrik i \u00f6ver 90 \u00e5r tillverkat f\u00f6nster efter kundens specifika \u00f6nskem\u00e5l och krav. 2016 f\u00f6rv\u00e4rvade Sunnerbo Windows &amp; Doors AB 80% av aktierna i GFAB Sweden AB med tillh\u00f6rande dotterbolag. GFAB \u00e4r ett ungt f\u00f6retag med gamla anor och genuint kunnande i ryggen. GFAB erbjuder en av Europas modernaste anl\u00e4ggningar f\u00f6r bearbetning av glas, speglar, lamellglas och isolerrutor en produktmix som \u00e4r ganska unik p\u00e5 marknaden. Genom f\u00f6rv\u00e4rvet av GFAB Sweden \u00e4r vi unika p\u00e5 marknaden med att kunna erbjuda breda glasl\u00f6sningar, f\u00f6nster samt inner- och ytterd\u00f6rrar fr\u00e5n egen tillverkning.<\/p>\n<\/div><\/div><\/div><div class=\"fusion-clearfix\"><\/div><\/div><\/div><\/div><\/div><div class=\"fusion-fullwidth fullwidth-box fusion-builder-row-4 nonhundred-percent-fullwidth non-hundred-percent-height-scrolling\"  style='background-color: rgba(255,255,255,0);background-position: center center;background-repeat: no-repeat;padding-top:0px;padding-right:18%;padding-bottom:0px;padding-left:18%;margin-top: 30px;'><div class=\"fusion-builder-row fusion-row \"><div  class=\"fusion-layout-column fusion_builder_column fusion_builder_column_1_4 fusion-builder-column-3 fusion-one-fourth fusion-column-first 1_4\"  style='margin-top:0px;margin-bottom:0px;width:25%;width:calc(25% - ( ( 4% + 4% + 4% ) * 0.25 ) );margin-right: 4%;'><div class=\"fusion-column-wrapper\" style=\"padding: 0px 0px 0px 0px;background-position:center center;background-repeat:no-repeat;-webkit-background-size:cover;-moz-background-size:cover;-o-background-size:cover;background-size:cover;\"   data-bg-url=\"\"><span class=\"fusion-imageframe imageframe-none imageframe-2 hover-type-none\"><img loading=\"lazy\" decoding=\"async\" src=\"https:\/\/sunnerbofonster.se\/wp-content\/uploads\/2016\/11\/Om_oss_01.jpg\" width=\"260\" height=\"208\" alt=\"\" title=\"Om_oss_01\" class=\"img-responsive wp-image-1653\" srcset=\"https:\/\/sunnerbofonster.se\/wp-content\/uploads\/2016\/11\/Om_oss_01-200x160.jpg 200w, https:\/\/sunnerbofonster.se\/wp-content\/uploads\/2016\/11\/Om_oss_01.jpg 260w\" sizes=\"(max-width: 800px) 100vw, 260px\" \/><\/span><div class=\"fusion-clearfix\"><\/div><\/div><\/div><div  class=\"fusion-layout-column fusion_builder_column fusion_builder_column_1_4 fusion-builder-column-4 fusion-one-fourth 1_4\"  style='margin-top:0px;margin-bottom:0px;width:25%;width:calc(25% - ( ( 4% + 4% + 4% ) * 0.25 ) );margin-right: 4%;'><div class=\"fusion-column-wrapper\" style=\"padding: 0px 0px 0px 0px;background-position:center center;background-repeat:no-repeat;-webkit-background-size:cover;-moz-background-size:cover;-o-background-size:cover;background-size:cover;\"   data-bg-url=\"\"><span class=\"fusion-imageframe imageframe-none imageframe-3 hover-type-none\"><img loading=\"lazy\" decoding=\"async\" src=\"https:\/\/sunnerbofonster.se\/wp-content\/uploads\/2016\/11\/OMOSS2-e1504257216178.jpg\" width=\"260\" height=\"208\" alt=\"\" title=\"omoss2\" class=\"img-responsive wp-image-141\"\/><\/span><div class=\"fusion-clearfix\"><\/div><\/div><\/div><div  class=\"fusion-layout-column fusion_builder_column fusion_builder_column_1_4 fusion-builder-column-5 fusion-one-fourth 1_4\"  style='margin-top:0px;margin-bottom:0px;width:25%;width:calc(25% - ( ( 4% + 4% + 4% ) * 0.25 ) );margin-right: 4%;'><div class=\"fusion-column-wrapper\" style=\"padding: 0px 0px 0px 0px;background-position:center center;background-repeat:no-repeat;-webkit-background-size:cover;-moz-background-size:cover;-o-background-size:cover;background-size:cover;\"   data-bg-url=\"\"><span class=\"fusion-imageframe imageframe-none imageframe-4 hover-type-none\"><img loading=\"lazy\" decoding=\"async\" src=\"https:\/\/sunnerbofonster.se\/wp-content\/uploads\/2016\/11\/OMOSS3-e1504257272621.jpg\" width=\"260\" height=\"208\" alt=\"\" title=\"omoss3\" class=\"img-responsive wp-image-142\"\/><\/span><div class=\"fusion-clearfix\"><\/div><\/div><\/div><div  class=\"fusion-layout-column fusion_builder_column fusion_builder_column_1_4 fusion-builder-column-6 fusion-one-fourth fusion-column-last 1_4\"  style='margin-top:0px;margin-bottom:0px;width:25%;width:calc(25% - ( ( 4% + 4% + 4% ) * 0.25 ) );'><div class=\"fusion-column-wrapper\" style=\"padding: 0px 0px 0px 0px;background-position:center center;background-repeat:no-repeat;-webkit-background-size:cover;-moz-background-size:cover;-o-background-size:cover;background-size:cover;\"   data-bg-url=\"\"><span class=\"fusion-imageframe imageframe-none imageframe-5 hover-type-none\"><img loading=\"lazy\" decoding=\"async\" src=\"https:\/\/sunnerbofonster.se\/wp-content\/uploads\/2016\/11\/OMOSS4-e1504257341116.jpg\" width=\"260\" height=\"208\" alt=\"\" title=\"omoss4\" class=\"img-responsive wp-image-143\"\/><\/span><div class=\"fusion-clearfix\"><\/div><\/div><\/div><\/div><\/div><div class=\"fusion-fullwidth fullwidth-box fusion-builder-row-5 nonhundred-percent-fullwidth non-hundred-percent-height-scrolling\"  style='background-color: rgba(255,255,255,0);background-position: center center;background-repeat: no-repeat;padding-top:20px;padding-right:0px;padding-bottom:20px;padding-left:0px;'><div class=\"fusion-builder-row fusion-row \"><div  class=\"fusion-layout-column fusion_builder_column fusion_builder_column_1_1 fusion-builder-column-7 fusion-one-full fusion-column-first fusion-column-last 1_1\"  style='margin-top:0px;margin-bottom:0px;'><div class=\"fusion-column-wrapper\" style=\"padding: 0px 0px 0px 0px;background-position:left top;background-repeat:no-repeat;-webkit-background-size:cover;-moz-background-size:cover;-o-background-size:cover;background-size:cover;\"   data-bg-url=\"\"><div class=\"fusion-column-content-centered\"><div class=\"fusion-column-content\"><div class=\"imageframe-align-center\"><span class=\"fusion-imageframe imageframe-none imageframe-6 hover-type-none\"><img loading=\"lazy\" decoding=\"async\" src=\"https:\/\/sunnerbofonster.se\/wp-content\/uploads\/2016\/11\/start1.png\" width=\"560\" height=\"186\" alt=\"\" title=\"start1\" class=\"img-responsive wp-image-135\" srcset=\"https:\/\/sunnerbofonster.se\/wp-content\/uploads\/2016\/11\/start1-200x66.png 200w, https:\/\/sunnerbofonster.se\/wp-content\/uploads\/2016\/11\/start1-400x133.png 400w, https:\/\/sunnerbofonster.se\/wp-content\/uploads\/2016\/11\/start1.png 560w\" sizes=\"(max-width: 800px) 100vw, 560px\" \/><\/span><\/div><\/div><\/div><div class=\"fusion-clearfix\"><\/div><\/div><\/div><\/div><\/div><\/p>\n","protected":false},"excerpt":{"rendered":"","protected":false},"author":3,"featured_media":0,"parent":0,"menu_order":0,"comment_status":"closed","ping_status":"closed","template":"","meta":{"footnotes":""},"_links":{"self":[{"href":"https:\/\/sunnerbofonster.se\/index.php?rest_route=\/wp\/v2\/pages\/44"}],"collection":[{"href":"https:\/\/sunnerbofonster.se\/index.php?rest_route=\/wp\/v2\/pages"}],"about":[{"href":"https:\/\/sunnerbofonster.se\/index.php?rest_route=\/wp\/v2\/types\/page"}],"author":[{"embeddable":true,"href":"https:\/\/sunnerbofonster.se\/index.php?rest_route=\/wp\/v2\/users\/3"}],"replies":[{"embeddable":true,"href":"https:\/\/sunnerbofonster.se\/index.php?rest_route=%2Fwp%2Fv2%2Fcomments&post=44"}],"version-history":[{"count":34,"href":"https:\/\/sunnerbofonster.se\/index.php?rest_route=\/wp\/v2\/pages\/44\/revisions"}],"predecessor-version":[{"id":26938,"href":"https:\/\/sunnerbofonster.se\/index.php?rest_route=\/wp\/v2\/pages\/44\/revisions\/26938"}],"wp:attachment":[{"href":"https:\/\/sunnerbofonster.se\/index.php?rest_route=%2Fwp%2Fv2%2Fmedia&parent=44"}],"curies":[{"name":"wp","href":"https:\/\/api.w.org\/{rel}","templated":true}]}}