{"id":57,"date":"2016-11-18T22:18:24","date_gmt":"2016-11-18T22:18:24","guid":{"rendered":"http:\/\/sun.doffdata.se\/?page_id=57"},"modified":"2020-04-23T12:53:03","modified_gmt":"2020-04-23T12:53:03","slug":"start","status":"publish","type":"page","link":"https:\/\/sunnerbofonster.se\/","title":{"rendered":"START"},"content":{"rendered":"<p><div class=\"fusion-fullwidth fullwidth-box fusion-builder-row-1 nonhundred-percent-fullwidth non-hundred-percent-height-scrolling\"  style='background-color: rgba(255,255,255,0);background-position: center center;background-repeat: no-repeat;padding-top:20px;padding-right:0px;padding-bottom:0px;padding-left:0px;'><div class=\"fusion-builder-row fusion-row \"><div  class=\"fusion-layout-column fusion_builder_column fusion_builder_column_1_1 fusion-builder-column-0 fusion-one-full fusion-column-first fusion-column-last 1_1\"  style='margin-top:0px;margin-bottom:0px;'><div class=\"fusion-column-wrapper\" style=\"padding: 0px 0px 0px 0px;background-position:left top;background-repeat:no-repeat;-webkit-background-size:cover;-moz-background-size:cover;-o-background-size:cover;background-size:cover;\"   data-bg-url=\"\">\t\t\t\t\t<div class=\"fusion-slider-container fusion-slider-sc-start fusion-slider-19 full-width-slider\" data-id=\"19\" style=\"height:530px; max-width:100%;\">\n\t\t\t\t\t\t<style type=\"text\/css\">.fusion-slider-19 .flex-direction-nav a {width:63px;height:63px;line-height:63px;font-size:25px;}<\/style>\t\t\t\t\t\t<div class=\"fusion-slider-loading\">Loading...<\/div>\n\t\t\t\t\t\t<div class=\"tfs-slider flexslider main-flex full-width-slider\" data-slider_width=\"100%\" data-slider_height=\"530px\" data-full_screen=\"0\" data-parallax=\"0\" data-nav_arrows=\"1\" data-nav_box_width=\"63px\" data-nav_box_height=\"63px\" data-nav_arrow_size=\"25px\" data-pagination_circles=\"0\" data-autoplay=\"1\" data-loop=\"0\" data-animation=\"fade\" data-slideshow_speed=\"7000\" data-animation_speed=\"600\" data-typo_sensitivity=\"1\" data-typo_factor=\"1.5\" style=\"max-width:100%;\">\n\t\t\t\t\t\t\t<ul class=\"slides\">\n\t\t\t\t\t\t\t\t\t\t\t\t\t\t\t\t\t<li data-mute=\"yes\" data-loop=\"yes\" data-autoplay=\"yes\">\n\t\t\t\t\t\t\t\t\t\t<div class=\"slide-content-container slide-content-center\" style=\"display: none;\">\n\t\t\t\t\t\t\t\t\t\t\t<div class=\"slide-content\" style=\"\">\n\t\t\t\t\t\t\t\t\t\t\t\t\t\t\t\t\t\t\t\t\t\t\t\t\t\t\t\t\t\t\t\t\t\t\t\t\t\t\t\t\t\t\t\t\t\t\t<\/div>\n\t\t\t\t\t\t\t\t\t\t<\/div>\n\t\t\t\t\t\t\t\t\t\t\t\t\t\t\t\t\t\t\n\t\t\t\t\t\t\t\t\t\t\t\t\t\t\t\t\t\t\t\t\t\t\t\t\t\t\t\t\t\t<div class=\"background background-image\" style=\"background-image: url(https:\/\/sunnerbofonster.se\/wp-content\/uploads\/2020\/02\/2.jpg);max-width:100%;height:530px;filter: progid:DXImageTransform.Microsoft.AlphaImageLoader(src='https:\/\/sunnerbofonster.se\/wp-content\/uploads\/2020\/02\/2.jpg', sizingMethod='scale');\" data-imgwidth=\"1920\">\n\t\t\t\t\t\t\t\t\t\t\t\t\t\t\t\t\t\t\t\t\t\t\t\t\t\t\t\t\t\t\t\t\t\t\t\t\t\t\t\t\t\t\t\t\t\t\t\t\t\t\t\t\t\t\t\t\t\t\t\t\t\t\t\t\t\t<\/div>\n\t\t\t\t\t\t\t\t\t<\/li>\n\t\t\t\t\t\t\t\t\t\t\t\t\t\t\t\t\t<li data-mute=\"yes\" data-loop=\"yes\" data-autoplay=\"yes\">\n\t\t\t\t\t\t\t\t\t\t<div class=\"slide-content-container slide-content-center\" style=\"display: none;\">\n\t\t\t\t\t\t\t\t\t\t\t<div class=\"slide-content\" style=\"\">\n\t\t\t\t\t\t\t\t\t\t\t\t\t\t\t\t\t\t\t\t\t\t\t\t\t\t\t\t\t\t\t\t\t\t\t\t\t\t\t\t\t\t\t\t\t\t\t<\/div>\n\t\t\t\t\t\t\t\t\t\t<\/div>\n\t\t\t\t\t\t\t\t\t\t\t\t\t\t\t\t\t\t\n\t\t\t\t\t\t\t\t\t\t\t\t\t\t\t\t\t\t\t\t\t\t\t\t\t\t\t\t\t\t<div class=\"background background-image\" style=\"background-image: url(https:\/\/sunnerbofonster.se\/wp-content\/uploads\/2020\/02\/23.jpg);max-width:100%;height:530px;filter: progid:DXImageTransform.Microsoft.AlphaImageLoader(src='https:\/\/sunnerbofonster.se\/wp-content\/uploads\/2020\/02\/23.jpg', sizingMethod='scale');\" data-imgwidth=\"1920\">\n\t\t\t\t\t\t\t\t\t\t\t\t\t\t\t\t\t\t\t\t\t\t\t\t\t\t\t\t\t\t\t\t\t\t\t\t\t\t\t\t\t\t\t\t\t\t\t\t\t\t\t\t\t\t\t\t\t\t\t\t\t\t\t\t\t\t<\/div>\n\t\t\t\t\t\t\t\t\t<\/li>\n\t\t\t\t\t\t\t\t\t\t\t\t\t\t\t\t\t<li data-mute=\"yes\" data-loop=\"yes\" data-autoplay=\"yes\">\n\t\t\t\t\t\t\t\t\t\t<div class=\"slide-content-container slide-content-center\" style=\"display: none;\">\n\t\t\t\t\t\t\t\t\t\t\t<div class=\"slide-content\" style=\"\">\n\t\t\t\t\t\t\t\t\t\t\t\t\t\t\t\t\t\t\t\t\t\t\t\t\t\t\t\t\t\t\t\t\t\t\t\t\t\t\t\t\t\t\t\t\t\t\t<\/div>\n\t\t\t\t\t\t\t\t\t\t<\/div>\n\t\t\t\t\t\t\t\t\t\t\t\t\t\t\t\t\t\t\n\t\t\t\t\t\t\t\t\t\t\t\t\t\t\t\t\t\t\t\t\t\t\t\t\t\t\t\t\t\t<div class=\"background background-image\" style=\"background-image: url(https:\/\/sunnerbofonster.se\/wp-content\/uploads\/2016\/11\/slide-3.jpg);max-width:100%;height:530px;filter: progid:DXImageTransform.Microsoft.AlphaImageLoader(src='https:\/\/sunnerbofonster.se\/wp-content\/uploads\/2016\/11\/slide-3.jpg', sizingMethod='scale');\" data-imgwidth=\"1920\">\n\t\t\t\t\t\t\t\t\t\t\t\t\t\t\t\t\t\t\t\t\t\t\t\t\t\t\t\t\t\t\t\t\t\t\t\t\t\t\t\t\t\t\t\t\t\t\t\t\t\t\t\t\t\t\t\t\t\t\t\t\t\t\t\t\t\t<\/div>\n\t\t\t\t\t\t\t\t\t<\/li>\n\t\t\t\t\t\t\t\t\t\t\t\t\t\t\t\t\t<li data-mute=\"yes\" data-loop=\"yes\" data-autoplay=\"yes\">\n\t\t\t\t\t\t\t\t\t\t<div class=\"slide-content-container slide-content-center\" style=\"display: none;\">\n\t\t\t\t\t\t\t\t\t\t\t<div class=\"slide-content\" style=\"\">\n\t\t\t\t\t\t\t\t\t\t\t\t\t\t\t\t\t\t\t\t\t\t\t\t\t\t\t\t\t\t\t\t\t\t\t\t\t\t\t\t\t\t\t\t\t\t\t<\/div>\n\t\t\t\t\t\t\t\t\t\t<\/div>\n\t\t\t\t\t\t\t\t\t\t\t\t\t\t\t\t\t\t\n\t\t\t\t\t\t\t\t\t\t\t\t\t\t\t\t\t\t\t\t\t\t\t\t\t\t\t\t\t\t<div class=\"background background-image\" style=\"background-image: url(https:\/\/sunnerbofonster.se\/wp-content\/uploads\/2016\/11\/slide-1.jpg);max-width:100%;height:530px;filter: progid:DXImageTransform.Microsoft.AlphaImageLoader(src='https:\/\/sunnerbofonster.se\/wp-content\/uploads\/2016\/11\/slide-1.jpg', sizingMethod='scale');\" data-imgwidth=\"1920\">\n\t\t\t\t\t\t\t\t\t\t\t\t\t\t\t\t\t\t\t\t\t\t\t\t\t\t\t\t\t\t\t\t\t\t\t\t\t\t\t\t\t\t\t\t\t\t\t\t\t\t\t\t\t\t\t\t\t\t\t\t\t\t\t\t\t\t<\/div>\n\t\t\t\t\t\t\t\t\t<\/li>\n\t\t\t\t\t\t\t\t\t\t\t\t\t\t\t\t\t\t\t\t\t\t\t<\/ul>\n\t\t\t\t\t\t<\/div>\n\t\t\t\t\t<\/div>\n\t\t\t\t\t\t\t\t<div class=\"fusion-clearfix\"><\/div><\/div><\/div><\/div><\/div><div class=\"fusion-fullwidth fullwidth-box fusion-builder-row-2 nonhundred-percent-fullwidth non-hundred-percent-height-scrolling\"  style='background-color: #f0eeed;background-position: center center;background-repeat: no-repeat;padding-top:0px;padding-right:0px;padding-bottom:0px;padding-left:0px;'><div class=\"fusion-builder-row fusion-row \"><div  class=\"fusion-layout-column fusion_builder_column fusion_builder_column_1_1 fusion-builder-column-1 fusion-one-full fusion-column-first fusion-column-last 1_1\"  style='margin-top:0px;margin-bottom:0px;width:100%'><div class=\"fusion-column-wrapper\" style=\"padding: 15px 0px 25px 0px;background-position:left top;background-repeat:no-repeat;-webkit-background-size:cover;-moz-background-size:cover;-o-background-size:cover;background-size:cover;\"   data-bg-url=\"\"><div class=\"fusion-sep-clear\"><\/div><div class=\"fusion-separator fusion-full-width-sep sep-none\" style=\"margin-left: auto;margin-right: auto;margin-top:50px;margin-bottom:10px;\"><\/div><div class=\"fusion-text\"><h1 style=\"text-align: center;\">V\u00c4LKOMMEN TILL DEN \u00c4KTA F\u00d6NSTERK\u00c4NSLAN<\/h1>\n<\/div><div class=\"fusion-text\"><h4 style=\"text-align: center;\">\u00a0Med Sunnerbo F\u00f6nster f\u00e5r du personlighet och charm till din bostad<\/h4>\n<\/div><div class=\"fusion-sep-clear\"><\/div><div class=\"fusion-separator fusion-full-width-sep sep-none\" style=\"margin-left: auto;margin-right: auto;margin-top:50px;margin-bottom:10px;\"><\/div><div class=\"fusion-clearfix\"><\/div><\/div><\/div><\/div><\/div><div class=\"fusion-fullwidth fullwidth-box fusion-builder-row-3 nonhundred-percent-fullwidth non-hundred-percent-height-scrolling\"  style='background-color: rgba(255,255,255,0);background-position: center center;background-repeat: no-repeat;padding-top:10px;padding-right:0px;padding-bottom:20px;padding-left:0px;margin-bottom: 10px;margin-top: 30px;'><div class=\"fusion-builder-row fusion-row \"><div  class=\"fusion-layout-column fusion_builder_column fusion_builder_column_1_1 fusion-builder-column-2 fusion-one-full fusion-column-first fusion-column-last 1_1\"  style='margin-top:0px;margin-bottom:0px;width:100%'><div class=\"fusion-column-wrapper\" style=\"padding: 15px 0px 40px 0px;background-position:left top;background-repeat:no-repeat;-webkit-background-size:cover;-moz-background-size:cover;-o-background-size:cover;background-size:cover;\"   data-bg-url=\"\"><div class=\"imageframe-align-center\"><span style=\"width:100%;max-width:1000px;\" class=\"fusion-imageframe imageframe-none imageframe-1 hover-type-none\"><img loading=\"lazy\" decoding=\"async\" src=\"https:\/\/sunnerbofonster.se\/wp-content\/uploads\/2020\/04\/Sunnerbo-100-000-scaled.jpg\" width=\"2560\" height=\"512\" alt=\"\" title=\"Sunnerbo 100 000\" class=\"img-responsive wp-image-26979\" srcset=\"https:\/\/sunnerbofonster.se\/wp-content\/uploads\/2020\/04\/Sunnerbo-100-000-200x40.jpg 200w, https:\/\/sunnerbofonster.se\/wp-content\/uploads\/2020\/04\/Sunnerbo-100-000-400x80.jpg 400w, https:\/\/sunnerbofonster.se\/wp-content\/uploads\/2020\/04\/Sunnerbo-100-000-600x120.jpg 600w, https:\/\/sunnerbofonster.se\/wp-content\/uploads\/2020\/04\/Sunnerbo-100-000-800x160.jpg 800w, https:\/\/sunnerbofonster.se\/wp-content\/uploads\/2020\/04\/Sunnerbo-100-000-1200x240.jpg 1200w, https:\/\/sunnerbofonster.se\/wp-content\/uploads\/2020\/04\/Sunnerbo-100-000-scaled.jpg 2560w\" sizes=\"(max-width: 800px) 100vw, 2560px\" \/><\/span><\/div><div class=\"fusion-clearfix\"><\/div><\/div><\/div><\/div><\/div><div class=\"fusion-fullwidth fullwidth-box fusion-builder-row-4 nonhundred-percent-fullwidth non-hundred-percent-height-scrolling fusion-equal-height-columns\"  style='background-color: rgba(255,255,255,0);background-position: center center;background-repeat: no-repeat;padding-top:0px;padding-right:0px;padding-bottom:0px;padding-left:0px;'><div class=\"fusion-builder-row fusion-row \"><div  class=\"fusion-layout-column fusion_builder_column fusion_builder_column_1_4 fusion-builder-column-3 fusion-one-fourth fusion-column-first fusion-column-inner-bg-wrapper fusion-column-no-min-height 1_4\"  style='margin-top:0px;margin-bottom:0px;width:22%; margin-right: 4%;'><div class=\"fusion-column-wrapper\" style=\"padding: 0px 0px 0px 0px;\"  data-bg-url=\"\"><div class=\"imageframe-align-center\"><span class=\"fusion-imageframe imageframe-none imageframe-2 hover-type-none\"><img loading=\"lazy\" decoding=\"async\" src=\"https:\/\/sunnerbofonster.se\/wp-content\/uploads\/2016\/11\/portx5c-300x240.jpg\" width=\"300\" height=\"240\" alt=\"\" title=\"portx5c\" class=\"img-responsive wp-image-1552\" srcset=\"https:\/\/sunnerbofonster.se\/wp-content\/uploads\/2016\/11\/portx5c-200x160.jpg 200w, https:\/\/sunnerbofonster.se\/wp-content\/uploads\/2016\/11\/portx5c-400x320.jpg 400w, https:\/\/sunnerbofonster.se\/wp-content\/uploads\/2016\/11\/portx5c-600x480.jpg 600w, https:\/\/sunnerbofonster.se\/wp-content\/uploads\/2016\/11\/portx5c.jpg 650w\" sizes=\"(max-width: 800px) 100vw, 600px\" \/><\/span><\/div><div class=\"fusion-sep-clear\"><\/div><div class=\"fusion-separator fusion-full-width-sep sep-single sep-solid\" style=\"border-color:#000000;border-top-width:25px;margin-left: auto;margin-right: auto;margin-top:-1px;\"><\/div><div class=\"fusion-clearfix\"><\/div><\/div><span class=\"fusion-column-inner-bg hover-type-none\" ><a href=\"https:\/\/sunnerbofonster.se\/?page_id=264\" aria-label=\"\"><span class=\"fusion-column-inner-bg-image\"  style=\"background-position:left top;background-repeat:no-repeat;-webkit-background-size:cover;-moz-background-size:cover;-o-background-size:cover;background-size:cover;\"><\/span><\/a><\/span><\/div><div  class=\"fusion-layout-column fusion_builder_column fusion_builder_column_1_4 fusion-builder-column-4 fusion-one-fourth fusion-column-inner-bg-wrapper fusion-column-no-min-height 1_4\"  style='margin-top:0px;margin-bottom:0px;width:22%; margin-right: 4%;'><div class=\"fusion-column-wrapper\" style=\"padding: 0px 0px 0px 0px;\"  data-bg-url=\"\"><div class=\"imageframe-align-center\"><span class=\"fusion-imageframe imageframe-none imageframe-3 hover-type-none\"><img loading=\"lazy\" decoding=\"async\" src=\"https:\/\/sunnerbofonster.se\/wp-content\/uploads\/2016\/11\/portx2c-300x240.jpg\" width=\"300\" height=\"240\" alt=\"\" title=\"portx2c\" class=\"img-responsive wp-image-1549\" srcset=\"https:\/\/sunnerbofonster.se\/wp-content\/uploads\/2016\/11\/portx2c-200x160.jpg 200w, https:\/\/sunnerbofonster.se\/wp-content\/uploads\/2016\/11\/portx2c-400x320.jpg 400w, https:\/\/sunnerbofonster.se\/wp-content\/uploads\/2016\/11\/portx2c-600x480.jpg 600w, https:\/\/sunnerbofonster.se\/wp-content\/uploads\/2016\/11\/portx2c.jpg 650w\" sizes=\"(max-width: 800px) 100vw, 600px\" \/><\/span><\/div><div class=\"fusion-sep-clear\"><\/div><div class=\"fusion-separator fusion-full-width-sep sep-single sep-solid\" style=\"border-color:#000000;border-top-width:25px;margin-left: auto;margin-right: auto;margin-top:-1px;\"><\/div><div class=\"fusion-clearfix\"><\/div><\/div><span class=\"fusion-column-inner-bg hover-type-none\" ><a href=\"https:\/\/sunnerbofonster.se\/?page_id=465\" aria-label=\"\"><span class=\"fusion-column-inner-bg-image\"  style=\"background-position:left top;background-repeat:no-repeat;-webkit-background-size:cover;-moz-background-size:cover;-o-background-size:cover;background-size:cover;\"><\/span><\/a><\/span><\/div><div  class=\"fusion-layout-column fusion_builder_column fusion_builder_column_1_4 fusion-builder-column-5 fusion-one-fourth fusion-column-inner-bg-wrapper fusion-column-no-min-height 1_4\"  style='margin-top:0px;margin-bottom:0px;width:22%; margin-right: 4%;'><div class=\"fusion-column-wrapper\" style=\"padding: 0px 0px 0px 0px;\"  data-bg-url=\"\"><div class=\"imageframe-align-center\"><span class=\"fusion-imageframe imageframe-none imageframe-4 hover-type-zoomin\"><img loading=\"lazy\" decoding=\"async\" src=\"https:\/\/sunnerbofonster.se\/wp-content\/uploads\/2016\/11\/start-solskydd-300x240.jpg\" width=\"300\" height=\"240\" alt=\"\" title=\"start-solskydd\" class=\"img-responsive wp-image-92\"\/><\/span><\/div><div class=\"fusion-sep-clear\"><\/div><div class=\"fusion-separator fusion-full-width-sep sep-single sep-solid\" style=\"border-color:#000000;border-top-width:25px;margin-left: auto;margin-right: auto;margin-top:-1px;\"><\/div><div class=\"fusion-clearfix\"><\/div><\/div><span class=\"fusion-column-inner-bg hover-type-none\" ><a href=\"https:\/\/sunnerbofonster.se\/?page_id=534\" aria-label=\"\"><span class=\"fusion-column-inner-bg-image\"  style=\"background-position:left top;background-repeat:no-repeat;-webkit-background-size:cover;-moz-background-size:cover;-o-background-size:cover;background-size:cover;\"><\/span><\/a><\/span><\/div><div  class=\"fusion-layout-column fusion_builder_column fusion_builder_column_1_4 fusion-builder-column-6 fusion-one-fourth fusion-column-last fusion-column-inner-bg-wrapper fusion-column-no-min-height 1_4\"  style='margin-top:0px;margin-bottom:0px;width:22%'><div class=\"fusion-column-wrapper\" style=\"padding: 0px 0px 0px 0px;\"  data-bg-url=\"\"><div class=\"imageframe-align-center\"><span class=\"fusion-imageframe imageframe-none imageframe-5 hover-type-zoomin\"><img loading=\"lazy\" decoding=\"async\" src=\"https:\/\/sunnerbofonster.se\/wp-content\/uploads\/2016\/11\/portx4c-300x240.jpg\" width=\"300\" height=\"240\" alt=\"\" title=\"portx4c\" class=\"img-responsive wp-image-1551\" srcset=\"https:\/\/sunnerbofonster.se\/wp-content\/uploads\/2016\/11\/portx4c-200x160.jpg 200w, https:\/\/sunnerbofonster.se\/wp-content\/uploads\/2016\/11\/portx4c-400x320.jpg 400w, https:\/\/sunnerbofonster.se\/wp-content\/uploads\/2016\/11\/portx4c-600x480.jpg 600w, https:\/\/sunnerbofonster.se\/wp-content\/uploads\/2016\/11\/portx4c.jpg 650w\" sizes=\"(max-width: 800px) 100vw, 600px\" \/><\/span><\/div><div class=\"fusion-sep-clear\"><\/div><div class=\"fusion-separator fusion-full-width-sep sep-single sep-solid\" style=\"border-color:#000000;border-top-width:25px;margin-left: auto;margin-right: auto;margin-top:-1px;\"><\/div><div class=\"fusion-clearfix\"><\/div><\/div><span class=\"fusion-column-inner-bg hover-type-none\" ><a href=\"https:\/\/sunnerbofonster.se\/?page_id=227\" aria-label=\"\"><span class=\"fusion-column-inner-bg-image\"  style=\"background-position:left top;background-repeat:no-repeat;-webkit-background-size:cover;-moz-background-size:cover;-o-background-size:cover;background-size:cover;\"><\/span><\/a><\/span><\/div><\/div><\/div><div class=\"fusion-fullwidth fullwidth-box fusion-builder-row-5 nonhundred-percent-fullwidth non-hundred-percent-height-scrolling\"  style='background-color: rgba(255,255,255,0);background-position: center center;background-repeat: no-repeat;padding-top:0px;padding-right:0px;padding-bottom:0px;padding-left:0px;'><div class=\"fusion-builder-row fusion-row \"><div  class=\"fusion-layout-column fusion_builder_column fusion_builder_column_1_1 fusion-builder-column-7 fusion-one-full fusion-column-first fusion-column-last 1_1\"  style='margin-top:0px;margin-bottom:0px;width:100%'><div class=\"fusion-column-wrapper\" style=\"padding: 0px 0px 0px 0px;background-position:left top;background-repeat:no-repeat;-webkit-background-size:cover;-moz-background-size:cover;-o-background-size:cover;background-size:cover;\"   data-bg-url=\"\"><div class=\"fusion-clearfix\"><\/div><\/div><\/div><\/div><\/div><div class=\"fusion-fullwidth fullwidth-box fusion-builder-row-6 nonhundred-percent-fullwidth non-hundred-percent-height-scrolling\"  style='background-color: rgba(255,255,255,0);background-position: center center;background-repeat: no-repeat;padding-top:10px;padding-right:0px;padding-bottom:20px;padding-left:0px;margin-bottom: 10px;margin-top: 30px;'><div class=\"fusion-builder-row fusion-row \"><div  class=\"fusion-layout-column fusion_builder_column fusion_builder_column_1_1 fusion-builder-column-8 fusion-one-full fusion-column-first fusion-column-last 1_1\"  style='margin-top:0px;margin-bottom:0px;width:100%'><div class=\"fusion-column-wrapper\" style=\"padding: 0px 0px 0px 0px;background-position:left top;background-repeat:no-repeat;-webkit-background-size:cover;-moz-background-size:cover;-o-background-size:cover;background-size:cover;\"   data-bg-url=\"\"><div class=\"fusion-text\"><h2 style=\"text-align: center;\">F\u00f6r oss st\u00e5r kunden alltid i centrum!<\/h2>\n<\/div><div class=\"fusion-clearfix\"><\/div><\/div><\/div><\/div><\/div><div class=\"fusion-fullwidth fullwidth-box fusion-builder-row-7 nonhundred-percent-fullwidth non-hundred-percent-height-scrolling\"  style='background-color: rgba(255,255,255,0);background-position: center center;background-repeat: no-repeat;padding-top:0px;padding-right:0px;padding-bottom:0px;padding-left:0px;'><div class=\"fusion-builder-row fusion-row \"><div  class=\"fusion-layout-column fusion_builder_column fusion_builder_column_1_3 fusion-builder-column-9 fusion-one-third fusion-column-first 1_3\"  style='margin-top:0px;margin-bottom:0px;width:30.6666%; margin-right: 4%;'><div class=\"fusion-column-wrapper\" style=\"padding: 0px 0px 0px 0px;background-position:left top;background-repeat:no-repeat;-webkit-background-size:cover;-moz-background-size:cover;-o-background-size:cover;background-size:cover;\"   data-bg-url=\"\"><div class=\"fusion-clearfix\"><\/div><\/div><\/div><div  class=\"fusion-layout-column fusion_builder_column fusion_builder_column_1_3 fusion-builder-column-10 fusion-one-third 1_3\"  style='margin-top:0px;margin-bottom:0px;width:30.6666%; margin-right: 4%;'><div class=\"fusion-column-wrapper\" style=\"padding: 0px 0px 0px 0px;background-position:left top;background-repeat:no-repeat;-webkit-background-size:cover;-moz-background-size:cover;-o-background-size:cover;background-size:cover;\"   data-bg-url=\"\"><div class=\"fusion-sep-clear\"><\/div><div class=\"fusion-separator fusion-full-width-sep sep-single sep-solid\" style=\"border-color:#e0dede;border-top-width:1px;margin-left: auto;margin-right: auto;margin-top:;\"><\/div><div class=\"fusion-clearfix\"><\/div><\/div><\/div><div  class=\"fusion-layout-column fusion_builder_column fusion_builder_column_1_3 fusion-builder-column-11 fusion-one-third fusion-column-last 1_3\"  style='margin-top:0px;margin-bottom:0px;width:30.6666%'><div class=\"fusion-column-wrapper\" style=\"padding: 0px 0px 0px 0px;background-position:left top;background-repeat:no-repeat;-webkit-background-size:cover;-moz-background-size:cover;-o-background-size:cover;background-size:cover;\"   data-bg-url=\"\"><div class=\"fusion-clearfix\"><\/div><\/div><\/div><\/div><\/div><div class=\"fusion-fullwidth fullwidth-box fusion-builder-row-8 nonhundred-percent-fullwidth non-hundred-percent-height-scrolling\"  style='background-color: rgba(255,255,255,0);background-position: center center;background-repeat: no-repeat;padding-top:0px;padding-right:0px;padding-bottom:0px;padding-left:0px;'><div class=\"fusion-builder-row fusion-row \"><div  class=\"fusion-layout-column fusion_builder_column fusion_builder_column_1_1 fusion-builder-column-12 fusion-one-full fusion-column-first fusion-column-last 1_1\"  style='margin-top:5px;margin-bottom:0px;width:100%'><div class=\"fusion-column-wrapper\" style=\"padding: 0px 10% 50px 10%;background-position:left top;background-repeat:no-repeat;-webkit-background-size:cover;-moz-background-size:cover;-o-background-size:cover;background-size:cover;\"   data-bg-url=\"\"><div class=\"fusion-text\"><h5 class=\"slight\" style=\"text-align: center;\">Sunnerbo F\u00f6nster \u00e4r bel\u00e4get mitt i det sm\u00e5l\u00e4ndska glasriket. Vi \u00e4r en modern f\u00f6nstertillverkare som anv\u00e4nder oss av<br \/>\nden senaste tekniken i kombination med ett m\u00e5ng\u00e5rigt yrkeskunnande fr\u00e5n s\u00e5v\u00e4l glas- som tr\u00e4industrin.<\/h5>\n<\/div><div class=\"imageframe-align-center\"><span class=\"fusion-imageframe imageframe-none imageframe-6 hover-type-none\"><img loading=\"lazy\" decoding=\"async\" src=\"https:\/\/sunnerbofonster.se\/wp-content\/uploads\/2016\/11\/start1-300x100.png\" width=\"300\" height=\"100\" alt=\"\" title=\"start1\" class=\"img-responsive wp-image-135\" srcset=\"https:\/\/sunnerbofonster.se\/wp-content\/uploads\/2016\/11\/start1-200x66.png 200w, https:\/\/sunnerbofonster.se\/wp-content\/uploads\/2016\/11\/start1-400x133.png 400w, https:\/\/sunnerbofonster.se\/wp-content\/uploads\/2016\/11\/start1.png 560w\" sizes=\"(max-width: 800px) 100vw, 300px\" \/><\/span><\/div><div class=\"fusion-clearfix\"><\/div><\/div><\/div><\/div><\/div><\/p>\n","protected":false},"excerpt":{"rendered":"","protected":false},"author":3,"featured_media":0,"parent":0,"menu_order":0,"comment_status":"closed","ping_status":"closed","template":"","meta":{"footnotes":""},"_links":{"self":[{"href":"https:\/\/sunnerbofonster.se\/index.php?rest_route=\/wp\/v2\/pages\/57"}],"collection":[{"href":"https:\/\/sunnerbofonster.se\/index.php?rest_route=\/wp\/v2\/pages"}],"about":[{"href":"https:\/\/sunnerbofonster.se\/index.php?rest_route=\/wp\/v2\/types\/page"}],"author":[{"embeddable":true,"href":"https:\/\/sunnerbofonster.se\/index.php?rest_route=\/wp\/v2\/users\/3"}],"replies":[{"embeddable":true,"href":"https:\/\/sunnerbofonster.se\/index.php?rest_route=%2Fwp%2Fv2%2Fcomments&post=57"}],"version-history":[{"count":148,"href":"https:\/\/sunnerbofonster.se\/index.php?rest_route=\/wp\/v2\/pages\/57\/revisions"}],"predecessor-version":[{"id":26986,"href":"https:\/\/sunnerbofonster.se\/index.php?rest_route=\/wp\/v2\/pages\/57\/revisions\/26986"}],"wp:attachment":[{"href":"https:\/\/sunnerbofonster.se\/index.php?rest_route=%2Fwp%2Fv2%2Fmedia&parent=57"}],"curies":[{"name":"wp","href":"https:\/\/api.w.org\/{rel}","templated":true}]}}