{"id":670,"date":"2017-06-02T14:47:19","date_gmt":"2017-06-02T14:47:19","guid":{"rendered":"http:\/\/sun.doffdata.se\/?page_id=670"},"modified":"2021-02-12T10:58:27","modified_gmt":"2021-02-12T10:58:27","slug":"insektsnat-fonster","status":"publish","type":"page","link":"https:\/\/sunnerbofonster.se\/?page_id=670","title":{"rendered":"INSEKTSN\u00c4T F\u00d6NSTER"},"content":{"rendered":"<p><div class=\"fusion-fullwidth fullwidth-box fusion-builder-row-1 nonhundred-percent-fullwidth non-hundred-percent-height-scrolling\"  style='background-color: rgba(255,255,255,0);background-position: center center;background-repeat: no-repeat;padding-top:0px;padding-right:0px;padding-bottom:0px;padding-left:0px;margin-bottom: 20px;margin-top: 20px;'><div class=\"fusion-builder-row fusion-row \"><div  class=\"fusion-layout-column fusion_builder_column fusion_builder_column_1_1 fusion-builder-column-0 fusion-one-full fusion-column-first fusion-column-last 1_1\"  style='margin-top:0px;margin-bottom:0px;'><div class=\"fusion-column-wrapper\" style=\"background-color:#f0f0f0;padding: 30px 18% 30px 18%;background-position:left top;background-repeat:no-repeat;-webkit-background-size:cover;-moz-background-size:cover;-o-background-size:cover;background-size:cover;\"   data-bg-url=\"\"><div class=\"fusion-text\"><h1>Produkter<small>\u00a0Insektsn\u00e4t &#8211;\u00a0Rullgardinsf\u00f6nster<\/small><\/h1>\n<\/div><div class=\"fusion-clearfix\"><\/div><\/div><\/div><\/div><\/div><div class=\"fusion-fullwidth fullwidth-box fusion-builder-row-2 nonhundred-percent-fullwidth non-hundred-percent-height-scrolling\"  style='background-color: rgba(255,255,255,0);background-position: center center;background-repeat: no-repeat;padding-top:20px;padding-right:18%;padding-bottom:20px;padding-left:18%;margin-bottom: 20px;margin-top: 20px;'><div class=\"fusion-builder-row fusion-row \"><div  class=\"fusion-layout-column fusion_builder_column fusion_builder_column_1_3 fusion-builder-column-1 fusion-one-third fusion-column-first 1_3\"  style='margin-top:0px;margin-bottom:0px;width:33.33%;width:calc(33.33% - ( ( 4% ) * 0.3333 ) );margin-right: 4%;'><div class=\"fusion-column-wrapper\" style=\"padding: 0px 0px 0px 0px;background-position:left top;background-repeat:no-repeat;-webkit-background-size:cover;-moz-background-size:cover;-o-background-size:cover;background-size:cover;\"   data-bg-url=\"\"><div class=\"fusion-sep-clear\"><\/div><div class=\"fusion-separator fusion-full-width-sep sep-none\" style=\"margin-left: auto;margin-right: auto;margin-top:5px;\"><\/div><style type=\"text\/css\">#accordion-670-1 .fusion-panel:hover, #accordion-670-1 .fusion-panel.hover{ background-color: #f9f9f9 } #accordion-670-1 .fusion-panel { border-color:#cccccc; border-width:1px; background-color:#ffffff; }.fusion-accordian  #accordion-670-1 .panel-title a .fa-fusion-box{ color: #ffffff;}.fusion-accordian  #accordion-670-1 .panel-title a .fa-fusion-box:before{ font-size: 13px; width: 13px;}.fusion-accordian  #accordion-670-1 .panel-title a{font-size:22px;}.fusion-accordian  #accordion-670-1 .fa-fusion-box { background-color: #cccccc;border-color: #cccccc;}.fusion-accordian  #accordion-670-1 .panel-title a:hover, #accordion-670-1 .fusion-toggle-boxed-mode:hover .panel-title a { color: #bf3527;}.fusion-accordian  #accordion-670-1 .panel-title .active .fa-fusion-box,.fusion-accordian  #accordion-670-1 .panel-title a:hover .fa-fusion-box { background-color: #bf3527!important;border-color: #bf3527!important;}<\/style><div class=\"accordian fusion-accordian\"><div class=\"panel-group\" id=\"accordion-670-1\" role=\"tablist\"><div class=\"fusion-panel panel-default fusion-toggle-no-divider fusion-toggle-boxed-mode\" role=\"tabpanel\"><div class=\"panel-heading\"><h4 class=\"panel-title toggle\"><a aria-expanded=\"false\" aria-selected=\"false\" aria-controls=\"7132516abfad29a47\" role=\"tab\" data-toggle=\"collapse\" data-parent=\"#accordion-670-1\" data-target=\"#7132516abfad29a47\" href=\"#7132516abfad29a47\"><span class=\"fusion-toggle-icon-wrapper\" aria-hidden=\"true\"><i class=\"fa-fusion-box\"><\/i><\/span><span class=\"fusion-toggle-heading\">RULLGARDINSD\u00d6RR<\/span><\/a><\/h4><\/div><div id=\"7132516abfad29a47\" class=\"panel-collapse collapse \"><div class=\"panel-body toggle-content fusion-clearfix\">\n<p><a href=\"https:\/\/sunnerbofonster.se\/?page_id=695\">Rullgardinsd\u00f6rr<\/a><\/p>\n<\/div><\/div><\/div><\/div><\/div><div class=\"fusion-sep-clear\"><\/div><div class=\"fusion-separator fusion-full-width-sep sep-none\" style=\"margin-left: auto;margin-right: auto;margin-top:12px;\"><\/div><div class=\"fusion-text\"><p style=\"text-align: center;\">Ladda ner<br \/>\n<span style=\"color: #339966;\">\u2228<\/span><\/p>\n<\/div><style type=\"text\/css\">#accordion-670-2 .fusion-panel:hover, #accordion-670-2 .fusion-panel.hover{ background-color: #f9f9f9 } #accordion-670-2 .fusion-panel { border-color:#cccccc; border-width:1px; background-color:#ffffff; }.fusion-accordian  #accordion-670-2 .panel-title a .fa-fusion-box{ color: #ffffff;}.fusion-accordian  #accordion-670-2 .panel-title a .fa-fusion-box:before{ font-size: 13px; width: 13px;}.fusion-accordian  #accordion-670-2 .panel-title a{font-size:22px;}.fusion-accordian  #accordion-670-2 .fa-fusion-box { background-color: #cccccc;border-color: #cccccc;}.fusion-accordian  #accordion-670-2 .panel-title a:hover, #accordion-670-2 .fusion-toggle-boxed-mode:hover .panel-title a { color: #bf3527;}.fusion-accordian  #accordion-670-2 .panel-title .active .fa-fusion-box,.fusion-accordian  #accordion-670-2 .panel-title a:hover .fa-fusion-box { background-color: #bf3527!important;border-color: #bf3527!important;}<\/style><div class=\"accordian fusion-accordian\"><div class=\"panel-group\" id=\"accordion-670-2\" role=\"tablist\"><div class=\"fusion-panel panel-default fusion-toggle-no-divider fusion-toggle-boxed-mode\" role=\"tabpanel\"><div class=\"panel-heading\"><h4 class=\"panel-title toggle\"><a aria-expanded=\"false\" aria-selected=\"false\" aria-controls=\"fc01178385878f66f\" role=\"tab\" data-toggle=\"collapse\" data-parent=\"#accordion-670-2\" data-target=\"#fc01178385878f66f\" href=\"#fc01178385878f66f\"><span class=\"fusion-toggle-icon-wrapper\" aria-hidden=\"true\"><i class=\"fa-fusion-box\"><\/i><\/span><span class=\"fusion-toggle-heading\">Prislista<\/span><\/a><\/h4><\/div><div id=\"fc01178385878f66f\" class=\"panel-collapse collapse \"><div class=\"panel-body toggle-content fusion-clearfix\">\n<p><a href=\"https:\/\/sunnerbofonster.se\/laddaner\/Prislista_Sunnerbo.pdf\">Prislista<\/a><\/p>\n<\/div><\/div><\/div><\/div><\/div><div class=\"fusion-clearfix\"><\/div><\/div><\/div><div  class=\"fusion-layout-column fusion_builder_column fusion_builder_column_2_3 fusion-builder-column-2 fusion-two-third fusion-column-last 2_3\"  style='margin-top:0px;margin-bottom:0px;width:66.66%;width:calc(66.66% - ( ( 4% ) * 0.6666 ) );'><div class=\"fusion-column-wrapper\" style=\"padding: 0px 0px 0px 16%;background-position:left top;background-repeat:no-repeat;-webkit-background-size:cover;-moz-background-size:cover;-o-background-size:cover;background-size:cover;\"   data-bg-url=\"\"><span class=\"fusion-imageframe imageframe-none imageframe-1 hover-type-none\"><img loading=\"lazy\" decoding=\"async\" src=\"https:\/\/sunnerbofonster.se\/wp-content\/uploads\/2017\/06\/Sun_bild_1-e1496415586795.jpg\" width=\"750\" height=\"449\" alt=\"\" title=\"Sun_bild_1\" class=\"img-responsive wp-image-676\"\/><\/span><div class=\"fusion-sep-clear\"><\/div><div class=\"fusion-separator fusion-full-width-sep sep-none\" style=\"margin-left: auto;margin-right: auto;margin-top:40px;\"><\/div><div class=\"fusion-text\"><section id=\"side-content\" class=\"eleven columns offset-by-one rgt-cntt\">\n<section class=\"eleven columns\">\n<article class=\"eleven columns\">\n<section id=\"side-content\" class=\"eleven columns offset-by-one rgt-cntt\">\n<section class=\"eleven columns\">\n<article class=\"eleven columns\">\n<h3>Insektsn\u00e4t<\/h3>\n<p>F\u00f6r montering in- eller utv\u00e4ndigt p\u00e5 f\u00f6nsterkarm, innerkarm eller p\u00e5 v\u00e4ggen utanf\u00f6r smygen. Om f\u00f6nstret \u00f6ppnas ut\u00e5t, ska rullgardinsf\u00f6nstret monteras p\u00e5 insidan och vice versa.<\/p>\n<p>Rullgardinsf\u00f6nster Delixe av aluminium \u00e4r mycket praktikt och elegant. N\u00e4r n\u00e4tet \u00e4r nerrullat h\u00e5lls det kvar med fj\u00e4derkl\u00e4mmor i sidoskenorna. Handtaget \u00e4r l\u00e4tt \u00e5tkomligt fr\u00e5n b\u00e5da sidor och \u00e4r f\u00f6rsett med d\u00e4mplist. Rullgardinsf\u00f6nster Deluxe levereras i monteringsf\u00e4rdiga standarddimensioner. Andra dimensioner p\u00e5 s\u00e4rskild best\u00e4llning.<\/p>\n<h4>Anv\u00e4ndning<\/h4>\n<p>F\u00f6r montering in- eller utv\u00e4ndigt p\u00e5 f\u00f6nsterkarm, innerkarm eller p\u00e5 v\u00e4ggen utanf\u00f6r smygen. Om f\u00f6nstret \u00f6ppnas ut\u00e5t, ska rullgardinsf\u00f6nstret monteras p\u00e5 insidan och vice versa.<\/p>\n<\/article>\n<\/section>\n<\/section>\n<\/article>\n<\/section>\n<\/section>\n<\/div><div class=\"fusion-clearfix\"><\/div><\/div><\/div><\/div><\/div><div class=\"fusion-fullwidth fullwidth-box fusion-builder-row-3 nonhundred-percent-fullwidth non-hundred-percent-height-scrolling\"  style='background-color: rgba(255,255,255,0);background-position: center center;background-repeat: no-repeat;padding-top:20px;padding-right:18%;padding-bottom:20px;padding-left:18%;margin-bottom: 20px;margin-top: 20px;'><div class=\"fusion-builder-row fusion-row \"><div  class=\"fusion-layout-column fusion_builder_column fusion_builder_column_1_1 fusion-builder-column-3 fusion-one-full fusion-column-first fusion-column-last 1_1\"  style='margin-top:0px;margin-bottom:0px;'><div class=\"fusion-column-wrapper\" style=\"background-color:#f0f0f0;padding: 20px 20px 20px 20px;background-position:left top;background-repeat:no-repeat;-webkit-background-size:cover;-moz-background-size:cover;-o-background-size:cover;background-size:cover;\"   data-bg-url=\"\"><div class=\"fusion-text\"><h4 class=\"sixteen columns\">Produkinformation<\/h4>\n<p class=\"sixteen columns\"><strong>Dimensioner:<br \/>\n<\/strong>bredd 43, 48, 53, 58 , 63, 68, 73, 78, 83, 88, 93, 98, 103, 108, 113, 118, 123, 128, 133, 138, 143, 148, 153, 158, 163,168, 173, 178, cm.<\/p>\n<p><strong>H\u00f6jd:<br \/>\n<\/strong>Standard 150 cm.\u00a0 Special 176 cm (ej Clearview och Pollenreducerande).<\/p>\n<p><strong>M\u00e5ttillverkning<br \/>\n<\/strong>Levereras f\u00f6r montering, anpassas p\u00e5 plats.<\/p>\n<p><strong>F\u00e4rger<br \/>\n<\/strong>Vit, brun, gr\u00e5.<\/p>\n<p><strong>N\u00e4t<br \/>\n<\/strong>De Lux (gr\u00e5), Clearview (svart), Pollenreducerande (svart)<\/p>\n<p><strong>St\u00e4ngning<br \/>\n<\/strong>Fj\u00e4derkl\u00e4mmor<\/p>\n<p><strong>Garanti<br \/>\n<\/strong>10 \u00e5r p\u00e5 mekanismen<\/p>\n<\/div><div class=\"fusion-builder-row fusion-builder-row-inner fusion-row \"><div  class=\"fusion-layout-column fusion_builder_column fusion_builder_column_1_4 fusion-builder-nested-column-1 fusion-one-fourth fusion-column-first 1_4\"  style='margin-top: 0px;margin-bottom: 0px;width:25%;width:calc(25% - ( ( 4% + 4% + 4% ) * 0.25 ) );margin-right:4%;'>\n\t\t\t\t\t<div class=\"fusion-column-wrapper fusion-column-wrapper-1\" style=\"padding: 0px 0px 20px 0px;background-position:left top;background-repeat:no-repeat;-webkit-background-size:cover;-moz-background-size:cover;-o-background-size:cover;background-size:cover;\" data-bg-url=\"\">\n\t\t\t\t\t\t<span class=\"fusion-imageframe imageframe-none imageframe-2 hover-type-none\"><img loading=\"lazy\" decoding=\"async\" src=\"https:\/\/sunnerbofonster.se\/wp-content\/uploads\/2017\/06\/Sun_bild_1_liten-1-e1496415428397.jpg\" width=\"260\" height=\"208\" alt=\"\" title=\"Sun_bild_1_liten\" class=\"img-responsive wp-image-677\"\/><\/span>\n\n\t\t\t\t\t<\/div>\n\t\t\t\t<\/div><div  class=\"fusion-layout-column fusion_builder_column fusion_builder_column_1_4 fusion-builder-nested-column-2 fusion-one-fourth 1_4\"  style='margin-top: 0px;margin-bottom: 0px;width:25%;width:calc(25% - ( ( 4% + 4% + 4% ) * 0.25 ) );margin-right:4%;'>\n\t\t\t\t\t<div class=\"fusion-column-wrapper fusion-column-wrapper-2\" style=\"padding: 0px 0px 20px 0px;background-position:left top;background-repeat:no-repeat;-webkit-background-size:cover;-moz-background-size:cover;-o-background-size:cover;background-size:cover;\" data-bg-url=\"\">\n\t\t\t\t\t\t<span class=\"fusion-imageframe imageframe-none imageframe-3 hover-type-none\"><img loading=\"lazy\" decoding=\"async\" src=\"https:\/\/sunnerbofonster.se\/wp-content\/uploads\/2017\/06\/Sun_bild_2_liten-1-e1496415463966.jpg\" width=\"260\" height=\"208\" alt=\"\" title=\"Sun_bild_2_liten\" class=\"img-responsive wp-image-678\"\/><\/span>\n\n\t\t\t\t\t<\/div>\n\t\t\t\t<\/div><div  class=\"fusion-layout-column fusion_builder_column fusion_builder_column_1_4 fusion-builder-nested-column-3 fusion-one-fourth 1_4\"  style='margin-top: 0px;margin-bottom: 0px;width:25%;width:calc(25% - ( ( 4% + 4% + 4% ) * 0.25 ) );margin-right:4%;'>\n\t\t\t\t\t<div class=\"fusion-column-wrapper fusion-column-wrapper-3\" style=\"padding: 0px 0px 20px 0px;background-position:left top;background-repeat:no-repeat;-webkit-background-size:cover;-moz-background-size:cover;-o-background-size:cover;background-size:cover;\" data-bg-url=\"\">\n\t\t\t\t\t\t<span class=\"fusion-imageframe imageframe-none imageframe-4 hover-type-none\"><img loading=\"lazy\" decoding=\"async\" src=\"https:\/\/sunnerbofonster.se\/wp-content\/uploads\/2017\/06\/Sun_bild_3_liten-1-e1496415500824.jpg\" width=\"260\" height=\"208\" alt=\"\" title=\"Sun_bild_3_liten\" class=\"img-responsive wp-image-679\"\/><\/span>\n\n\t\t\t\t\t<\/div>\n\t\t\t\t<\/div><div  class=\"fusion-layout-column fusion_builder_column fusion_builder_column_1_4 fusion-builder-nested-column-4 fusion-one-fourth fusion-column-last 1_4\"  style='margin-top: 0px;margin-bottom: 0px;width:25%;width:calc(25% - ( ( 4% + 4% + 4% ) * 0.25 ) );'>\n\t\t\t\t\t<div class=\"fusion-column-wrapper fusion-column-wrapper-4\" style=\"padding: 0px 0px 20px 0px;background-position:left top;background-repeat:no-repeat;-webkit-background-size:cover;-moz-background-size:cover;-o-background-size:cover;background-size:cover;\" data-bg-url=\"\">\n\t\t\t\t\t\t<span class=\"fusion-imageframe imageframe-none imageframe-5 hover-type-none\"><img loading=\"lazy\" decoding=\"async\" src=\"https:\/\/sunnerbofonster.se\/wp-content\/uploads\/2017\/06\/Sun_bild_4_liten-1-e1496415563785.jpg\" width=\"260\" height=\"208\" alt=\"\" title=\"Sun_bild_4_liten\" class=\"img-responsive wp-image-680\"\/><\/span>\n\n\t\t\t\t\t<\/div>\n\t\t\t\t<\/div><\/div><div class=\"fusion-builder-row fusion-builder-row-inner fusion-row \"><div  class=\"fusion-layout-column fusion_builder_column fusion_builder_column_1_3 fusion-builder-nested-column-5 fusion-one-third fusion-column-first 1_3\"  style='margin-top: 0px;margin-bottom: 0px;width:33.33%;width:calc(33.33% - ( ( 4% ) * 0.3333 ) );margin-right:4%;'>\n\t\t\t\t\t<div class=\"fusion-column-wrapper fusion-column-wrapper-5\" style=\"padding: 50px 0px 0px 0px;background-position:left top;background-repeat:no-repeat;-webkit-background-size:cover;-moz-background-size:cover;-o-background-size:cover;background-size:cover;\" data-bg-url=\"\">\n\t\t\t\t\t\t<span class=\"fusion-imageframe imageframe-none imageframe-6 hover-type-none\"><img loading=\"lazy\" decoding=\"async\" src=\"https:\/\/sunnerbofonster.se\/wp-content\/uploads\/2017\/06\/Sun_ritning_1-e1496415681404.png\" width=\"337\" height=\"420\" alt=\"\" title=\"Sun_ritning_1\" class=\"img-responsive wp-image-682\"\/><\/span>\n\n\t\t\t\t\t<\/div>\n\t\t\t\t<\/div><div  class=\"fusion-layout-column fusion_builder_column fusion_builder_column_2_3 fusion-builder-nested-column-6 fusion-two-third fusion-column-last 2_3\"  style='margin-top: 0px;margin-bottom: 0px;width:66.66%;width:calc(66.66% - ( ( 4% ) * 0.6666 ) );'>\n\t\t\t\t\t<div class=\"fusion-column-wrapper fusion-column-wrapper-6\" style=\"padding: 20px 0px 0px 0px;background-position:left top;background-repeat:no-repeat;-webkit-background-size:cover;-moz-background-size:cover;-o-background-size:cover;background-size:cover;\" data-bg-url=\"\">\n\t\t\t\t\t\t<div class=\"fusion-text\"><div class=\"two_third column-last\">\n<h4><\/h4>\n<div class=\"two_third column-last\">\n<h4>Montering<\/h4>\n<p><span style=\"color: #339966;\">\u221a<\/span> Horisontell eller vertikal, skruvas fast.<br \/>\n<span style=\"color: #339966;\">\u221a<\/span> Om f\u00f6nstret \u00f6ppnas in\u00e5t ska rulldraperiet monteras utv\u00e4ndigt.<br \/>\n<span style=\"color: #339966;\">\u221a<\/span> Om f\u00f6nstret \u00f6ppnas ut\u00e5t ska rulldraperiet monteras inv\u00e4ndigt.<br \/>\n<span style=\"color: #339966;\">\u221a<\/span> Kassetten kan monteras vertikalt eller horisontellt utanp\u00e5 f\u00f6nsterkarmen (vi beskriver horisontell montering).<br \/>\n<span style=\"color: #339966;\">\u221a<\/span> Vi rekommenderar att du monterar kassetten upptill eller p\u00e5 den sida d\u00e4r det vanliga f\u00f6nstrets g\u00e5ngj\u00e4rn sitter.<br \/>\n<span style=\"color: #339966;\">\u221a<\/span> I karmen kring f\u00f6nster\u00f6ppningen m\u00e5ste den plana ytan vara minst 2,5 cm bred.<\/p>\n<\/div>\n<\/div>\n<div class=\"two_third column-last\"><\/div>\n<\/div>\n\n\t\t\t\t\t<\/div>\n\t\t\t\t<\/div><\/div><div class=\"fusion-clearfix\"><\/div><\/div><\/div><\/div><\/div><div class=\"fusion-fullwidth fullwidth-box fusion-builder-row-4 nonhundred-percent-fullwidth non-hundred-percent-height-scrolling\"  style='background-color: rgba(255,255,255,0);background-position: center center;background-repeat: no-repeat;padding-top:30px;padding-right:18%;padding-bottom:20px;padding-left:18%;margin-bottom: 20px;margin-top: 20px;'><div class=\"fusion-builder-row fusion-row \"><div  class=\"fusion-layout-column fusion_builder_column fusion_builder_column_1_1 fusion-builder-column-4 fusion-one-full fusion-column-first fusion-column-last 1_1\"  style='margin-top:0px;margin-bottom:0px;'><div class=\"fusion-column-wrapper\" style=\"padding: 30px 18% 30px 18%;background-position:left top;background-repeat:no-repeat;-webkit-background-size:cover;-moz-background-size:cover;-o-background-size:cover;background-size:cover;\"   data-bg-url=\"\"><div class=\"imageframe-align-center\"><span class=\"fusion-imageframe imageframe-none imageframe-7 hover-type-none\"><img loading=\"lazy\" decoding=\"async\" src=\"https:\/\/sunnerbofonster.se\/wp-content\/uploads\/2016\/11\/start1.png\" width=\"560\" height=\"186\" alt=\"\" title=\"start1\" class=\"img-responsive wp-image-135\" srcset=\"https:\/\/sunnerbofonster.se\/wp-content\/uploads\/2016\/11\/start1-200x66.png 200w, https:\/\/sunnerbofonster.se\/wp-content\/uploads\/2016\/11\/start1-400x133.png 400w, https:\/\/sunnerbofonster.se\/wp-content\/uploads\/2016\/11\/start1.png 560w\" sizes=\"(max-width: 800px) 100vw, 560px\" \/><\/span><\/div><div class=\"fusion-clearfix\"><\/div><\/div><\/div><\/div><\/div><\/p>\n","protected":false},"excerpt":{"rendered":"","protected":false},"author":3,"featured_media":0,"parent":0,"menu_order":0,"comment_status":"closed","ping_status":"closed","template":"","meta":{"footnotes":""},"_links":{"self":[{"href":"https:\/\/sunnerbofonster.se\/index.php?rest_route=\/wp\/v2\/pages\/670"}],"collection":[{"href":"https:\/\/sunnerbofonster.se\/index.php?rest_route=\/wp\/v2\/pages"}],"about":[{"href":"https:\/\/sunnerbofonster.se\/index.php?rest_route=\/wp\/v2\/types\/page"}],"author":[{"embeddable":true,"href":"https:\/\/sunnerbofonster.se\/index.php?rest_route=\/wp\/v2\/users\/3"}],"replies":[{"embeddable":true,"href":"https:\/\/sunnerbofonster.se\/index.php?rest_route=%2Fwp%2Fv2%2Fcomments&post=670"}],"version-history":[{"count":17,"href":"https:\/\/sunnerbofonster.se\/index.php?rest_route=\/wp\/v2\/pages\/670\/revisions"}],"predecessor-version":[{"id":27080,"href":"https:\/\/sunnerbofonster.se\/index.php?rest_route=\/wp\/v2\/pages\/670\/revisions\/27080"}],"wp:attachment":[{"href":"https:\/\/sunnerbofonster.se\/index.php?rest_route=%2Fwp%2Fv2%2Fmedia&parent=670"}],"curies":[{"name":"wp","href":"https:\/\/api.w.org\/{rel}","templated":true}]}}